{"id":451,"date":"2021-10-13T14:11:44","date_gmt":"2021-10-13T19:11:44","guid":{"rendered":"https:\/\/www.cenati.com.co\/?post_type=product&#038;p=451"},"modified":"2022-01-28T11:14:50","modified_gmt":"2022-01-28T16:14:50","slug":"curso-basico-rpg-ile","status":"publish","type":"product","link":"https:\/\/www.cenati.com.co\/en\/product\/curso-basico-rpg-ile\/","title":{"rendered":"RPG ILE Basic Course"},"content":{"rendered":"<p><span style=\"color: #ffffff;\">The RPG ILE programming language basic course provides the student with the basic knowledge necessary to create programs in RPG IV and\/or free format (FREE), in IBM SystemS I (AS\/400).<\/span><\/p>\n<h3><span style=\"color: #ffffff;\"><strong>Course duration:<\/strong><\/span><\/h3>\n<p><span style=\"color: #ffffff;\">The basic course lasts for 40h in site and 40h of workshops.<\/span><\/p>\n<h3><span style=\"color: #ffffff;\"><strong>The basic course lasts for 40h in site and 40h of workshops.<\/strong><\/span><\/h3>\n<ul>\n<li><span style=\"color: #ffffff;\">It\u2019s important to have basic programming skills.<\/span><\/li>\n<li><span style=\"color: #ffffff;\">Must have completed the IBMi Introductory Course or know about the basic command handling of IBMi equipment (AS\/400) and, have basic knowledge of how to create Physical and Logical files on the study platform.<\/span><\/li>\n<\/ul>\n<p>&nbsp;<\/p>\n<h3><span style=\"color: #ffffff;\"><strong>\u00bfWhat will we learn in this course?<\/strong><\/span><\/h3>\n<ul>\n<li><span style=\"color: #ffffff;\">Understanding the environment of the Report Layout Utility (RLU) Tool.<\/span><\/li>\n<li><span style=\"color: #ffffff;\">What is a Printer File?<\/span><\/li>\n<li><span style=\"color: #ffffff;\">Create Records in a Printer File<\/span><\/li>\n<li><span style=\"color: #ffffff;\">Types of fields that can be created in a printer file<\/span><\/li>\n<li><span style=\"color: #ffffff;\">Create fields in the form file<\/span><\/li>\n<li><span style=\"color: #ffffff;\">Give attributes to the different fields<\/span><\/li>\n<li><span style=\"color: #ffffff;\">Indicator handling in RLU.<\/span><\/li>\n<li><span style=\"color: #ffffff;\">Copy individual fields<\/span><\/li>\n<li><span style=\"color: #ffffff;\">Copy field blocks.<\/span><\/li>\n<li><span style=\"color: #ffffff;\">Move individual fields<\/span><\/li>\n<li><span style=\"color: #ffffff;\">Move field blocks.<\/span><\/li>\n<li><span style=\"color: #ffffff;\">Delete individual fields<\/span><\/li>\n<li><span style=\"color: #ffffff;\">Delete field blocks.<\/span><\/li>\n<li><span style=\"color: #ffffff;\">File-level keywords.<\/span><\/li>\n<li><span style=\"color: #ffffff;\">Record-level keywords.<\/span><\/li>\n<li><span style=\"color: #ffffff;\">Compile printer files.<\/span><\/li>\n<li><span style=\"color: #ffffff;\">Understanding the environment of the SEU Tool (Source Editor)<\/span><\/li>\n<li><span style=\"color: #ffffff;\">Understanding the basics of programming in RPG IV and Full Free<\/span><\/li>\n<li><span style=\"color: #ffffff;\">Options control specifications.<\/span><\/li>\n<li><span style=\"color: #ffffff;\">File declaration specifications.<\/span><\/li>\n<li><span style=\"color: #ffffff;\">Types of variables in RPG.<\/span><\/li>\n<li><span style=\"color: #ffffff;\">Declaring variables in the program.<\/span><\/li>\n<li><span style=\"color: #ffffff;\">Concept of data structures in RPG.<\/span><\/li>\n<li><span style=\"color: #ffffff;\">Data structure declarations (Data Areas, File Information, Program Statuses, and Indicator Data Structure).<\/span><\/li>\n<li><span style=\"color: #ffffff;\">Data structures (Do while, Select, Until, For)<\/span><\/li>\n<li><span style=\"color: #ffffff;\">Compilation-time, precompilation, and run-time tables.<\/span><\/li>\n<\/ul>\n<p><span style=\"color: #ffffff;\">. Compiling RPG programs.<\/span><\/p>\n<p><span style=\"color: #ffffff;\">. Definition and handling of DTAARA in RPG Programs<\/span><\/p>\n<p><span style=\"color: #ffffff;\">. Using built-in RPG programming language features.<\/span><\/p>\n<p><span style=\"color: #ffffff;\">. Built-in functions for character string handling, date, and number field editing.<\/span><\/p>\n<p><span style=\"color: #ffffff;\">. Etc.<\/span><\/p>","protected":false},"excerpt":{"rendered":"<p><span style=\"color: #ffffff;\">The RPG ILE programming language basic course provides the student with the basic knowledge necessary to create programs in RPG IV and\/or free format (FREE), in IBM SystemS I (AS\/400).<\/span><\/p>","protected":false},"featured_media":2675,"comment_status":"open","ping_status":"closed","template":"","meta":{"neve_meta_sidebar":"full-width","neve_meta_container":"","neve_meta_enable_content_width":"off","neve_meta_content_width":100,"neve_meta_title_alignment":"","neve_meta_author_avatar":"","neve_post_elements_order":"","neve_meta_disable_header":"","neve_meta_disable_footer":"","neve_meta_disable_title":""},"product_brand":[],"product_cat":[28],"product_tag":[34,33,35],"class_list":{"0":"post-451","1":"product","2":"type-product","3":"status-publish","4":"has-post-thumbnail","6":"product_cat-curso","7":"product_tag-as-400","8":"product_tag-curso","9":"product_tag-power-i","11":"first","12":"instock","13":"virtual","14":"purchasable","15":"product-type-simple"},"yoast_head":"<!-- This site is optimized with the Yoast SEO plugin v26.6 - https:\/\/yoast.com\/wordpress\/plugins\/seo\/ -->\n<title>Curso B\u00e1sico RPG ILE - CENATI<\/title>\n<meta name=\"description\" content=\"El curso b\u00e1sico en lenguaje de programaci\u00f3n RPG ILE provee al estudiante el conocimiento b\u00e1sico necesario para poder crear programas.\" \/>\n<meta name=\"robots\" content=\"index, follow, max-snippet:-1, max-image-preview:large, max-video-preview:-1\" \/>\n<link rel=\"canonical\" href=\"https:\/\/www.cenati.com.co\/en\/product\/curso-basico-rpg-ile\/\" \/>\n<meta property=\"og:locale\" content=\"en_US\" \/>\n<meta property=\"og:type\" content=\"article\" \/>\n<meta property=\"og:title\" content=\"Curso B\u00e1sico RPG ILE - CENATI\" \/>\n<meta property=\"og:description\" content=\"El curso b\u00e1sico en lenguaje de programaci\u00f3n RPG ILE provee al estudiante el conocimiento b\u00e1sico necesario para poder crear programas.\" \/>\n<meta property=\"og:url\" content=\"https:\/\/www.cenati.com.co\/en\/product\/curso-basico-rpg-ile\/\" \/>\n<meta property=\"og:site_name\" content=\"CENATI\" \/>\n<meta property=\"article:modified_time\" content=\"2022-01-28T16:14:50+00:00\" \/>\n<meta property=\"og:image\" content=\"https:\/\/www.cenati.com.co\/wp-content\/uploads\/2021\/10\/AS400-2.png\" \/>\n\t<meta property=\"og:image:width\" content=\"500\" \/>\n\t<meta property=\"og:image:height\" content=\"500\" \/>\n\t<meta property=\"og:image:type\" content=\"image\/png\" \/>\n<meta name=\"twitter:card\" content=\"summary_large_image\" \/>\n<meta name=\"twitter:site\" content=\"@Cenati_\" \/>\n<meta name=\"twitter:label1\" content=\"Est. reading time\" \/>\n\t<meta name=\"twitter:data1\" content=\"2 minutes\" \/>\n<script type=\"application\/ld+json\" class=\"yoast-schema-graph\">{\"@context\":\"https:\/\/schema.org\",\"@graph\":[{\"@type\":\"WebPage\",\"@id\":\"https:\/\/www.cenati.com.co\/producto\/curso-basico-rpg-ile\/\",\"url\":\"https:\/\/www.cenati.com.co\/producto\/curso-basico-rpg-ile\/\",\"name\":\"Curso B\u00e1sico RPG ILE - CENATI\",\"isPartOf\":{\"@id\":\"https:\/\/www.cenati.com.co\/en\/#website\"},\"primaryImageOfPage\":{\"@id\":\"https:\/\/www.cenati.com.co\/producto\/curso-basico-rpg-ile\/#primaryimage\"},\"image\":{\"@id\":\"https:\/\/www.cenati.com.co\/producto\/curso-basico-rpg-ile\/#primaryimage\"},\"thumbnailUrl\":\"https:\/\/www.cenati.com.co\/wp-content\/uploads\/2021\/10\/AS400-2.png\",\"datePublished\":\"2021-10-13T19:11:44+00:00\",\"dateModified\":\"2022-01-28T16:14:50+00:00\",\"description\":\"El curso b\u00e1sico en lenguaje de programaci\u00f3n RPG ILE provee al estudiante el conocimiento b\u00e1sico necesario para poder crear programas.\",\"breadcrumb\":{\"@id\":\"https:\/\/www.cenati.com.co\/producto\/curso-basico-rpg-ile\/#breadcrumb\"},\"inLanguage\":\"en-US\",\"potentialAction\":[{\"@type\":\"ReadAction\",\"target\":[\"https:\/\/www.cenati.com.co\/producto\/curso-basico-rpg-ile\/\"]}]},{\"@type\":\"ImageObject\",\"inLanguage\":\"en-US\",\"@id\":\"https:\/\/www.cenati.com.co\/producto\/curso-basico-rpg-ile\/#primaryimage\",\"url\":\"https:\/\/www.cenati.com.co\/wp-content\/uploads\/2021\/10\/AS400-2.png\",\"contentUrl\":\"https:\/\/www.cenati.com.co\/wp-content\/uploads\/2021\/10\/AS400-2.png\",\"width\":500,\"height\":500,\"caption\":\"RPG ILE\"},{\"@type\":\"BreadcrumbList\",\"@id\":\"https:\/\/www.cenati.com.co\/producto\/curso-basico-rpg-ile\/#breadcrumb\",\"itemListElement\":[{\"@type\":\"ListItem\",\"position\":1,\"name\":\"Portada\",\"item\":\"https:\/\/www.cenati.com.co\/\"},{\"@type\":\"ListItem\",\"position\":2,\"name\":\"Tienda\",\"item\":\"https:\/\/www.cenati.com.co\/tienda\/\"},{\"@type\":\"ListItem\",\"position\":3,\"name\":\"Curso B\u00e1sico RPG ILE\"}]},{\"@type\":\"WebSite\",\"@id\":\"https:\/\/www.cenati.com.co\/en\/#website\",\"url\":\"https:\/\/www.cenati.com.co\/en\/\",\"name\":\"CENATI\",\"description\":\"Asesorias y consultorias TI\",\"publisher\":{\"@id\":\"https:\/\/www.cenati.com.co\/en\/#organization\"},\"potentialAction\":[{\"@type\":\"SearchAction\",\"target\":{\"@type\":\"EntryPoint\",\"urlTemplate\":\"https:\/\/www.cenati.com.co\/en\/?s={search_term_string}\"},\"query-input\":{\"@type\":\"PropertyValueSpecification\",\"valueRequired\":true,\"valueName\":\"search_term_string\"}}],\"inLanguage\":\"en-US\"},{\"@type\":\"Organization\",\"@id\":\"https:\/\/www.cenati.com.co\/en\/#organization\",\"name\":\"CENATI\",\"url\":\"https:\/\/www.cenati.com.co\/en\/\",\"logo\":{\"@type\":\"ImageObject\",\"inLanguage\":\"en-US\",\"@id\":\"https:\/\/www.cenati.com.co\/en\/#\/schema\/logo\/image\/\",\"url\":\"https:\/\/www.cenati.com.co\/wp-content\/uploads\/2021\/10\/logo.png\",\"contentUrl\":\"https:\/\/www.cenati.com.co\/wp-content\/uploads\/2021\/10\/logo.png\",\"width\":157,\"height\":135,\"caption\":\"CENATI\"},\"image\":{\"@id\":\"https:\/\/www.cenati.com.co\/en\/#\/schema\/logo\/image\/\"},\"sameAs\":[\"https:\/\/x.com\/Cenati_\",\"https:\/\/www.instagram.com\/consultoria_y_asesoria_en_ti\/\",\"https:\/\/www.linkedin.com\/company\/cenati?trk=public_post_share-update_actor-text\"]}]}<\/script>\n<!-- \/ Yoast SEO plugin. -->","yoast_head_json":{"title":"Curso B\u00e1sico RPG ILE - CENATI","description":"El curso b\u00e1sico en lenguaje de programaci\u00f3n RPG ILE provee al estudiante el conocimiento b\u00e1sico necesario para poder crear programas.","robots":{"index":"index","follow":"follow","max-snippet":"max-snippet:-1","max-image-preview":"max-image-preview:large","max-video-preview":"max-video-preview:-1"},"canonical":"https:\/\/www.cenati.com.co\/en\/product\/curso-basico-rpg-ile\/","og_locale":"en_US","og_type":"article","og_title":"Curso B\u00e1sico RPG ILE - CENATI","og_description":"El curso b\u00e1sico en lenguaje de programaci\u00f3n RPG ILE provee al estudiante el conocimiento b\u00e1sico necesario para poder crear programas.","og_url":"https:\/\/www.cenati.com.co\/en\/product\/curso-basico-rpg-ile\/","og_site_name":"CENATI","article_modified_time":"2022-01-28T16:14:50+00:00","og_image":[{"width":500,"height":500,"url":"https:\/\/www.cenati.com.co\/wp-content\/uploads\/2021\/10\/AS400-2.png","type":"image\/png"}],"twitter_card":"summary_large_image","twitter_site":"@Cenati_","twitter_misc":{"Est. reading time":"2 minutes"},"schema":{"@context":"https:\/\/schema.org","@graph":[{"@type":"WebPage","@id":"https:\/\/www.cenati.com.co\/producto\/curso-basico-rpg-ile\/","url":"https:\/\/www.cenati.com.co\/producto\/curso-basico-rpg-ile\/","name":"Curso B\u00e1sico RPG ILE - CENATI","isPartOf":{"@id":"https:\/\/www.cenati.com.co\/en\/#website"},"primaryImageOfPage":{"@id":"https:\/\/www.cenati.com.co\/producto\/curso-basico-rpg-ile\/#primaryimage"},"image":{"@id":"https:\/\/www.cenati.com.co\/producto\/curso-basico-rpg-ile\/#primaryimage"},"thumbnailUrl":"https:\/\/www.cenati.com.co\/wp-content\/uploads\/2021\/10\/AS400-2.png","datePublished":"2021-10-13T19:11:44+00:00","dateModified":"2022-01-28T16:14:50+00:00","description":"El curso b\u00e1sico en lenguaje de programaci\u00f3n RPG ILE provee al estudiante el conocimiento b\u00e1sico necesario para poder crear programas.","breadcrumb":{"@id":"https:\/\/www.cenati.com.co\/producto\/curso-basico-rpg-ile\/#breadcrumb"},"inLanguage":"en-US","potentialAction":[{"@type":"ReadAction","target":["https:\/\/www.cenati.com.co\/producto\/curso-basico-rpg-ile\/"]}]},{"@type":"ImageObject","inLanguage":"en-US","@id":"https:\/\/www.cenati.com.co\/producto\/curso-basico-rpg-ile\/#primaryimage","url":"https:\/\/www.cenati.com.co\/wp-content\/uploads\/2021\/10\/AS400-2.png","contentUrl":"https:\/\/www.cenati.com.co\/wp-content\/uploads\/2021\/10\/AS400-2.png","width":500,"height":500,"caption":"RPG ILE"},{"@type":"BreadcrumbList","@id":"https:\/\/www.cenati.com.co\/producto\/curso-basico-rpg-ile\/#breadcrumb","itemListElement":[{"@type":"ListItem","position":1,"name":"Portada","item":"https:\/\/www.cenati.com.co\/"},{"@type":"ListItem","position":2,"name":"Tienda","item":"https:\/\/www.cenati.com.co\/tienda\/"},{"@type":"ListItem","position":3,"name":"Curso B\u00e1sico RPG ILE"}]},{"@type":"WebSite","@id":"https:\/\/www.cenati.com.co\/en\/#website","url":"https:\/\/www.cenati.com.co\/en\/","name":"CENATI","description":"Asesorias y consultorias TI","publisher":{"@id":"https:\/\/www.cenati.com.co\/en\/#organization"},"potentialAction":[{"@type":"SearchAction","target":{"@type":"EntryPoint","urlTemplate":"https:\/\/www.cenati.com.co\/en\/?s={search_term_string}"},"query-input":{"@type":"PropertyValueSpecification","valueRequired":true,"valueName":"search_term_string"}}],"inLanguage":"en-US"},{"@type":"Organization","@id":"https:\/\/www.cenati.com.co\/en\/#organization","name":"CENATI","url":"https:\/\/www.cenati.com.co\/en\/","logo":{"@type":"ImageObject","inLanguage":"en-US","@id":"https:\/\/www.cenati.com.co\/en\/#\/schema\/logo\/image\/","url":"https:\/\/www.cenati.com.co\/wp-content\/uploads\/2021\/10\/logo.png","contentUrl":"https:\/\/www.cenati.com.co\/wp-content\/uploads\/2021\/10\/logo.png","width":157,"height":135,"caption":"CENATI"},"image":{"@id":"https:\/\/www.cenati.com.co\/en\/#\/schema\/logo\/image\/"},"sameAs":["https:\/\/x.com\/Cenati_","https:\/\/www.instagram.com\/consultoria_y_asesoria_en_ti\/","https:\/\/www.linkedin.com\/company\/cenati?trk=public_post_share-update_actor-text"]}]}},"_links":{"self":[{"href":"https:\/\/www.cenati.com.co\/en\/wp-json\/wp\/v2\/product\/451","targetHints":{"allow":["GET"]}}],"collection":[{"href":"https:\/\/www.cenati.com.co\/en\/wp-json\/wp\/v2\/product"}],"about":[{"href":"https:\/\/www.cenati.com.co\/en\/wp-json\/wp\/v2\/types\/product"}],"replies":[{"embeddable":true,"href":"https:\/\/www.cenati.com.co\/en\/wp-json\/wp\/v2\/comments?post=451"}],"version-history":[{"count":0,"href":"https:\/\/www.cenati.com.co\/en\/wp-json\/wp\/v2\/product\/451\/revisions"}],"wp:featuredmedia":[{"embeddable":true,"href":"https:\/\/www.cenati.com.co\/en\/wp-json\/wp\/v2\/media\/2675"}],"wp:attachment":[{"href":"https:\/\/www.cenati.com.co\/en\/wp-json\/wp\/v2\/media?parent=451"}],"wp:term":[{"taxonomy":"product_brand","embeddable":true,"href":"https:\/\/www.cenati.com.co\/en\/wp-json\/wp\/v2\/product_brand?post=451"},{"taxonomy":"product_cat","embeddable":true,"href":"https:\/\/www.cenati.com.co\/en\/wp-json\/wp\/v2\/product_cat?post=451"},{"taxonomy":"product_tag","embeddable":true,"href":"https:\/\/www.cenati.com.co\/en\/wp-json\/wp\/v2\/product_tag?post=451"}],"curies":[{"name":"wp","href":"https:\/\/api.w.org\/{rel}","templated":true}]}}