{"id":4893,"date":"2025-11-11T13:36:56","date_gmt":"2025-11-11T18:36:56","guid":{"rendered":"https:\/\/www.cenati.com.co\/?page_id=4893"},"modified":"2025-12-22T10:36:44","modified_gmt":"2025-12-22T15:36:44","slug":"auraquantic","status":"publish","type":"page","link":"https:\/\/www.cenati.com.co\/en\/auraquantic\/","title":{"rendered":"Auraquantic"},"content":{"rendered":"<div data-elementor-type=\"wp-page\" data-elementor-id=\"4893\" class=\"elementor elementor-4893\">\n\t\t\t\t\t\t<section class=\"elementor-section elementor-top-section elementor-element elementor-element-afab0d7 elementor-section-boxed elementor-section-height-default elementor-section-height-default\" data-id=\"afab0d7\" data-element_type=\"section\">\n\t\t\t\t\t\t<div class=\"elementor-container elementor-column-gap-default\">\n\t\t\t\t\t<div class=\"elementor-column elementor-col-100 elementor-top-column elementor-element elementor-element-8bb3bf1\" data-id=\"8bb3bf1\" data-element_type=\"column\">\n\t\t\t<div class=\"elementor-widget-wrap elementor-element-populated\">\n\t\t\t\t\t\t<div class=\"elementor-element elementor-element-307e84a elementor-widget elementor-widget-heading\" data-id=\"307e84a\" data-element_type=\"widget\" data-widget_type=\"heading.default\">\n\t\t\t\t<div class=\"elementor-widget-container\">\n\t\t\t\t\t<h2 class=\"elementor-heading-title elementor-size-default\">Auraquantic<\/h2>\t\t\t\t<\/div>\n\t\t\t\t<\/div>\n\t\t\t\t\t<\/div>\n\t\t<\/div>\n\t\t\t\t\t<\/div>\n\t\t<\/section>\n\t\t\t\t<section class=\"elementor-section elementor-top-section elementor-element elementor-element-42fdd78 elementor-section-boxed elementor-section-height-default elementor-section-height-default\" data-id=\"42fdd78\" data-element_type=\"section\">\n\t\t\t\t\t\t<div class=\"elementor-container elementor-column-gap-default\">\n\t\t\t\t\t<div class=\"elementor-column elementor-col-100 elementor-top-column elementor-element elementor-element-95ceadc\" data-id=\"95ceadc\" data-element_type=\"column\">\n\t\t\t<div class=\"elementor-widget-wrap elementor-element-populated\">\n\t\t\t\t\t\t<div class=\"elementor-element elementor-element-66a9623 elementor-widget elementor-widget-text-editor\" data-id=\"66a9623\" data-element_type=\"widget\" data-widget_type=\"text-editor.default\">\n\t\t\t\t<div class=\"elementor-widget-container\">\n\t\t\t\t\t\t\t\t\t<div class=\"elementor-element elementor-element-e2b2eff elementor-position-left elementor-mobile-position-left elementor-view-default elementor-widget elementor-widget-icon-box\" data-id=\"e2b2eff\" data-element_type=\"widget\" data-widget_type=\"icon-box.default\"><div class=\"elementor-widget-container\"><div class=\"elementor-icon-box-wrapper\"><div class=\"elementor-icon-box-content\"><h3 class=\"elementor-icon-box-title\">Integraciones con las aplicaciones m\u00e1s potentes<\/h3><p class=\"elementor-icon-box-description\">AuraQuantic se conecta f\u00e1cilmente con las aplicaciones m\u00e1s usadas en el entorno empresarial, centralizando la infraestructura tecnol\u00f3gica en una \u00fanica soluci\u00f3n.<\/p><\/div><\/div><\/div><\/div><div class=\"elementor-element elementor-element-204e335 elementor-position-left elementor-mobile-position-left elementor-view-default elementor-widget elementor-widget-icon-box\" data-id=\"204e335\" data-element_type=\"widget\" data-widget_type=\"icon-box.default\"><div class=\"elementor-widget-container\"><div class=\"elementor-icon-box-wrapper\"><div class=\"elementor-icon-box-icon\">\u00a0<\/div><\/div><\/div><\/div><div class=\"elementor-icon-box-content\"><h3 class=\"elementor-icon-box-title\">IA para llegar m\u00e1s lejos<\/h3><p class=\"elementor-icon-box-description\">Al integrar capacidades avanzadas de an\u00e1lisis y automatizaci\u00f3n, empoderamos a las empresas para tomar decisiones basadas en datos en tiempo real y mantenerse competitivas.<\/p><div class=\"elementor-icon-box-content\"><h3 class=\"elementor-icon-box-title\">Gesti\u00f3n integral<\/h3><p class=\"elementor-icon-box-description\">Seguimiento exhaustivo de todas las actividades de usuarios y aplicaciones, con un control detallado y accesible.<\/p><div class=\"elementor-icon-box-content\"><h3 class=\"elementor-icon-box-title\">Autorizaci\u00f3n y acceso controlado<\/h3><p class=\"elementor-icon-box-description\">Solo los usuarios autorizados puedan crear, modificar y gestionar aplicaciones dentro de la plataforma.\u00a0<\/p><\/div><\/div><\/div>\t\t\t\t\t\t\t\t<\/div>\n\t\t\t\t<\/div>\n\t\t\t\t\t<\/div>\n\t\t<\/div>\n\t\t\t\t\t<\/div>\n\t\t<\/section>\n\t\t\t\t<section class=\"elementor-section elementor-top-section elementor-element elementor-element-a310305 elementor-section-stretched elementor-section-boxed elementor-section-height-default elementor-section-height-default\" data-id=\"a310305\" data-element_type=\"section\" data-settings=\"{&quot;background_background&quot;:&quot;classic&quot;,&quot;stretch_section&quot;:&quot;section-stretched&quot;}\">\n\t\t\t\t\t\t<div class=\"elementor-container elementor-column-gap-wide\">\n\t\t\t\t\t<div class=\"elementor-column elementor-col-33 elementor-top-column elementor-element elementor-element-fb9813f\" data-id=\"fb9813f\" data-element_type=\"column\">\n\t\t\t<div class=\"elementor-widget-wrap elementor-element-populated\">\n\t\t\t\t\t\t<div class=\"elementor-element elementor-element-26d84b4 elementor-widget elementor-widget-heading\" data-id=\"26d84b4\" data-element_type=\"widget\" data-widget_type=\"heading.default\">\n\t\t\t\t<div class=\"elementor-widget-container\">\n\t\t\t\t\t<h4 class=\"elementor-heading-title elementor-size-default\">CENATI<\/h4>\t\t\t\t<\/div>\n\t\t\t\t<\/div>\n\t\t\t\t<div class=\"elementor-element elementor-element-2a86f3d elementor-widget elementor-widget-text-editor\" data-id=\"2a86f3d\" data-element_type=\"widget\" data-widget_type=\"text-editor.default\">\n\t\t\t\t<div class=\"elementor-widget-container\">\n\t\t\t\t\t\t\t\t\t<p>Somos una empresa de consultor\u00eda y asesor\u00edas TI con m\u00e1s de 20 a\u00f1os de experiencia en el sector financiero y tecnol\u00f3gico.<\/p><p>We provide in-home resources with high technical capabilities and committed to achieving goals.<\/p>\t\t\t\t\t\t\t\t<\/div>\n\t\t\t\t<\/div>\n\t\t\t\t\t<\/div>\n\t\t<\/div>\n\t\t\t\t<div class=\"elementor-column elementor-col-33 elementor-top-column elementor-element elementor-element-ac19138\" data-id=\"ac19138\" data-element_type=\"column\">\n\t\t\t<div class=\"elementor-widget-wrap elementor-element-populated\">\n\t\t\t\t\t\t<div class=\"elementor-element elementor-element-ee2d469 elementor-widget elementor-widget-heading\" data-id=\"ee2d469\" data-element_type=\"widget\" data-widget_type=\"heading.default\">\n\t\t\t\t<div class=\"elementor-widget-container\">\n\t\t\t\t\t<h4 class=\"elementor-heading-title elementor-size-default\">Services<\/h4>\t\t\t\t<\/div>\n\t\t\t\t<\/div>\n\t\t\t\t<div class=\"elementor-element elementor-element-ffd224a elementor-icon-list--layout-traditional elementor-list-item-link-full_width elementor-widget elementor-widget-icon-list\" data-id=\"ffd224a\" data-element_type=\"widget\" data-widget_type=\"icon-list.default\">\n\t\t\t\t<div class=\"elementor-widget-container\">\n\t\t\t\t\t\t\t<ul class=\"elementor-icon-list-items\">\n\t\t\t\t\t\t\t<li class=\"elementor-icon-list-item\">\n\t\t\t\t\t\t\t\t\t\t\t<a href=\"https:\/\/www.cenati.com.co\/en\/as400-power-i\/\">\n\n\t\t\t\t\t\t\t\t\t\t\t\t<span class=\"elementor-icon-list-icon\">\n\t\t\t\t\t\t\t<i aria-hidden=\"true\" class=\"fas fa-chalkboard\"><\/i>\t\t\t\t\t\t<\/span>\n\t\t\t\t\t\t\t\t\t\t<span class=\"elementor-icon-list-text\">AS\/400 Power i<\/span>\n\t\t\t\t\t\t\t\t\t\t\t<\/a>\n\t\t\t\t\t\t\t\t\t<\/li>\n\t\t\t\t\t\t\t\t<li class=\"elementor-icon-list-item\">\n\t\t\t\t\t\t\t\t\t\t\t<a href=\"https:\/\/www.cenati.com.co\/en\/sap-commerce-cloud\/\">\n\n\t\t\t\t\t\t\t\t\t\t\t\t<span class=\"elementor-icon-list-icon\">\n\t\t\t\t\t\t\t<i aria-hidden=\"true\" class=\"fas fa-cloud\"><\/i>\t\t\t\t\t\t<\/span>\n\t\t\t\t\t\t\t\t\t\t<span class=\"elementor-icon-list-text\">SAP Commerce<\/span>\n\t\t\t\t\t\t\t\t\t\t\t<\/a>\n\t\t\t\t\t\t\t\t\t<\/li>\n\t\t\t\t\t\t\t\t<li class=\"elementor-icon-list-item\">\n\t\t\t\t\t\t\t\t\t\t\t<a href=\"https:\/\/www.cenati.com.co\/en\/desarrollo-full-stack\/\">\n\n\t\t\t\t\t\t\t\t\t\t\t\t<span class=\"elementor-icon-list-icon\">\n\t\t\t\t\t\t\t<i aria-hidden=\"true\" class=\"fas fa-laptop-code\"><\/i>\t\t\t\t\t\t<\/span>\n\t\t\t\t\t\t\t\t\t\t<span class=\"elementor-icon-list-text\">Full Stack<\/span>\n\t\t\t\t\t\t\t\t\t\t\t<\/a>\n\t\t\t\t\t\t\t\t\t<\/li>\n\t\t\t\t\t\t\t\t<li class=\"elementor-icon-list-item\">\n\t\t\t\t\t\t\t\t\t\t\t<a href=\"https:\/\/www.cenati.com.co\/en\/infraestructura-ti\/\">\n\n\t\t\t\t\t\t\t\t\t\t\t\t<span class=\"elementor-icon-list-icon\">\n\t\t\t\t\t\t\t<i aria-hidden=\"true\" class=\"fas fa-server\"><\/i>\t\t\t\t\t\t<\/span>\n\t\t\t\t\t\t\t\t\t\t<span class=\"elementor-icon-list-text\">IT Infrastructure<\/span>\n\t\t\t\t\t\t\t\t\t\t\t<\/a>\n\t\t\t\t\t\t\t\t\t<\/li>\n\t\t\t\t\t\t\t\t<li class=\"elementor-icon-list-item\">\n\t\t\t\t\t\t\t\t\t\t\t<a href=\"https:\/\/www.cenati.com.co\/en\/auraquantic\/\">\n\n\t\t\t\t\t\t\t\t\t\t\t\t<span class=\"elementor-icon-list-icon\">\n\t\t\t\t\t\t\t<i aria-hidden=\"true\" class=\"fas fa-chess-rook\"><\/i>\t\t\t\t\t\t<\/span>\n\t\t\t\t\t\t\t\t\t\t<span class=\"elementor-icon-list-text\">Auraquantic<\/span>\n\t\t\t\t\t\t\t\t\t\t\t<\/a>\n\t\t\t\t\t\t\t\t\t<\/li>\n\t\t\t\t\t\t<\/ul>\n\t\t\t\t\t\t<\/div>\n\t\t\t\t<\/div>\n\t\t\t\t\t<\/div>\n\t\t<\/div>\n\t\t\t\t<div class=\"elementor-column elementor-col-33 elementor-top-column elementor-element elementor-element-c3864ab\" data-id=\"c3864ab\" data-element_type=\"column\">\n\t\t\t<div class=\"elementor-widget-wrap elementor-element-populated\">\n\t\t\t\t\t\t<div class=\"elementor-element elementor-element-9a61a86 elementor-icon-list--layout-traditional elementor-list-item-link-full_width elementor-widget elementor-widget-icon-list\" data-id=\"9a61a86\" data-element_type=\"widget\" data-widget_type=\"icon-list.default\">\n\t\t\t\t<div class=\"elementor-widget-container\">\n\t\t\t\t\t\t\t<ul class=\"elementor-icon-list-items\">\n\t\t\t\t\t\t\t<li class=\"elementor-icon-list-item\">\n\t\t\t\t\t\t\t\t\t\t\t<a href=\"https:\/\/www.cenati.com.co\/en\/?page_id=548\">\n\n\t\t\t\t\t\t\t\t\t\t\t<span class=\"elementor-icon-list-text\">PRIVACY AND PERSONAL DATA PROTECTION POLICY<\/span>\n\t\t\t\t\t\t\t\t\t\t\t<\/a>\n\t\t\t\t\t\t\t\t\t<\/li>\n\t\t\t\t\t\t\t\t<li class=\"elementor-icon-list-item\">\n\t\t\t\t\t\t\t\t\t\t\t<a href=\"http:\/\/concenati.com\/login\/index.php\">\n\n\t\t\t\t\t\t\t\t\t\t\t<span class=\"elementor-icon-list-text\">Virtual Campus<\/span>\n\t\t\t\t\t\t\t\t\t\t\t<\/a>\n\t\t\t\t\t\t\t\t\t<\/li>\n\t\t\t\t\t\t<\/ul>\n\t\t\t\t\t\t<\/div>\n\t\t\t\t<\/div>\n\t\t\t\t<div class=\"elementor-element elementor-element-28db4f6 elementor-widget elementor-widget-google_maps\" data-id=\"28db4f6\" data-element_type=\"widget\" data-widget_type=\"google_maps.default\">\n\t\t\t\t<div class=\"elementor-widget-container\">\n\t\t\t\t\t\t\t<div class=\"elementor-custom-embed\">\n\t\t\t<iframe\n\t\t\t\t\tdata-src=\"https:\/\/maps.google.com\/maps?q=cra%2051%2066%20a%2051%20%2C%20Bogot%C3%A1&#038;t=m&#038;z=12&#038;output=embed&#038;iwloc=near\"\n\t\t\t\t\ttitle=\"cra 51 66 a 51 , Bogot\u00e1\"\n\t\t\t\t\taria-label=\"cra 51 66 a 51 , Bogot\u00e1\"\n\t\t\t src=\"data:image\/svg+xml;base64,PHN2ZyB3aWR0aD0iMSIgaGVpZ2h0PSIxIiB4bWxucz0iaHR0cDovL3d3dy53My5vcmcvMjAwMC9zdmciPjwvc3ZnPg==\" class=\"lazyload\" data-load-mode=\"1\"><\/iframe>\n\t\t<\/div>\n\t\t\t\t\t\t<\/div>\n\t\t\t\t<\/div>\n\t\t\t\t\t<\/div>\n\t\t<\/div>\n\t\t\t\t\t<\/div>\n\t\t<\/section>\n\t\t\t\t<\/div>","protected":false},"excerpt":{"rendered":"<p>Auraquantic Integraciones con las aplicaciones m\u00e1s potentes AuraQuantic se conecta f\u00e1cilmente con las aplicaciones m\u00e1s usadas en el entorno empresarial, centralizando la infraestructura tecnol\u00f3gica en una \u00fanica soluci\u00f3n. \u00a0 IA para llegar m\u00e1s lejos Al integrar capacidades avanzadas de an\u00e1lisis y automatizaci\u00f3n, empoderamos a las empresas para tomar decisiones basadas en datos en tiempo real&hellip;&nbsp;<a href=\"https:\/\/www.cenati.com.co\/en\/auraquantic\/\" class=\"\" rel=\"bookmark\">Read More &raquo;<span class=\"screen-reader-text\">Auraquantic<\/span><\/a><\/p>","protected":false},"author":3,"featured_media":0,"parent":0,"menu_order":0,"comment_status":"closed","ping_status":"closed","template":"page-templates\/template-pagebuilder-full-width.php","meta":{"neve_meta_sidebar":"","neve_meta_container":"","neve_meta_enable_content_width":"","neve_meta_content_width":0,"neve_meta_title_alignment":"","neve_meta_author_avatar":"","neve_post_elements_order":"","neve_meta_disable_header":"","neve_meta_disable_footer":"","neve_meta_disable_title":"","footnotes":""},"class_list":["post-4893","page","type-page","status-publish","hentry"],"yoast_head":"<!-- This site is optimized with the Yoast SEO plugin v26.6 - https:\/\/yoast.com\/wordpress\/plugins\/seo\/ -->\n<title>Auraquantic<\/title>\n<meta name=\"description\" content=\"Auraquantic Integraciones con las aplicaciones m\u00e1s potentesAuraQuantic se conecta f\u00e1cilmente con las aplicaciones m\u00e1s usadas en el entorno empresarial,\" \/>\n<meta name=\"robots\" content=\"index, follow, max-snippet:-1, max-image-preview:large, max-video-preview:-1\" \/>\n<link rel=\"canonical\" href=\"https:\/\/www.cenati.com.co\/en\/auraquantic\/\" \/>\n<meta property=\"og:locale\" content=\"en_US\" \/>\n<meta property=\"og:type\" content=\"article\" \/>\n<meta property=\"og:title\" content=\"Auraquantic\" \/>\n<meta property=\"og:description\" content=\"Auraquantic Integraciones con las aplicaciones m\u00e1s potentesAuraQuantic se conecta f\u00e1cilmente con las aplicaciones m\u00e1s usadas en el entorno empresarial,\" \/>\n<meta property=\"og:url\" content=\"https:\/\/www.cenati.com.co\/en\/auraquantic\/\" \/>\n<meta property=\"og:site_name\" content=\"CENATI\" \/>\n<meta property=\"article:modified_time\" content=\"2025-12-22T15:36:44+00:00\" \/>\n<meta name=\"twitter:card\" content=\"summary_large_image\" \/>\n<meta name=\"twitter:site\" content=\"@Cenati_\" \/>\n<meta name=\"twitter:label1\" content=\"Est. reading time\" \/>\n\t<meta name=\"twitter:data1\" content=\"1 minute\" \/>\n<script type=\"application\/ld+json\" class=\"yoast-schema-graph\">{\"@context\":\"https:\/\/schema.org\",\"@graph\":[{\"@type\":\"WebPage\",\"@id\":\"https:\/\/www.cenati.com.co\/auraquantic\/\",\"url\":\"https:\/\/www.cenati.com.co\/auraquantic\/\",\"name\":\"Auraquantic\",\"isPartOf\":{\"@id\":\"https:\/\/www.cenati.com.co\/en\/#website\"},\"datePublished\":\"2025-11-11T18:36:56+00:00\",\"dateModified\":\"2025-12-22T15:36:44+00:00\",\"description\":\"Auraquantic Integraciones con las aplicaciones m\u00e1s potentesAuraQuantic se conecta f\u00e1cilmente con las aplicaciones m\u00e1s usadas en el entorno empresarial,\",\"breadcrumb\":{\"@id\":\"https:\/\/www.cenati.com.co\/auraquantic\/#breadcrumb\"},\"inLanguage\":\"en-US\",\"potentialAction\":[{\"@type\":\"ReadAction\",\"target\":[\"https:\/\/www.cenati.com.co\/auraquantic\/\"]}]},{\"@type\":\"BreadcrumbList\",\"@id\":\"https:\/\/www.cenati.com.co\/auraquantic\/#breadcrumb\",\"itemListElement\":[{\"@type\":\"ListItem\",\"position\":1,\"name\":\"Portada\",\"item\":\"https:\/\/www.cenati.com.co\/\"},{\"@type\":\"ListItem\",\"position\":2,\"name\":\"Auraquantic\"}]},{\"@type\":\"WebSite\",\"@id\":\"https:\/\/www.cenati.com.co\/en\/#website\",\"url\":\"https:\/\/www.cenati.com.co\/en\/\",\"name\":\"CENATI\",\"description\":\"Asesorias y consultorias TI\",\"publisher\":{\"@id\":\"https:\/\/www.cenati.com.co\/en\/#organization\"},\"potentialAction\":[{\"@type\":\"SearchAction\",\"target\":{\"@type\":\"EntryPoint\",\"urlTemplate\":\"https:\/\/www.cenati.com.co\/en\/?s={search_term_string}\"},\"query-input\":{\"@type\":\"PropertyValueSpecification\",\"valueRequired\":true,\"valueName\":\"search_term_string\"}}],\"inLanguage\":\"en-US\"},{\"@type\":\"Organization\",\"@id\":\"https:\/\/www.cenati.com.co\/en\/#organization\",\"name\":\"CENATI\",\"url\":\"https:\/\/www.cenati.com.co\/en\/\",\"logo\":{\"@type\":\"ImageObject\",\"inLanguage\":\"en-US\",\"@id\":\"https:\/\/www.cenati.com.co\/en\/#\/schema\/logo\/image\/\",\"url\":\"https:\/\/www.cenati.com.co\/wp-content\/uploads\/2021\/10\/logo.png\",\"contentUrl\":\"https:\/\/www.cenati.com.co\/wp-content\/uploads\/2021\/10\/logo.png\",\"width\":157,\"height\":135,\"caption\":\"CENATI\"},\"image\":{\"@id\":\"https:\/\/www.cenati.com.co\/en\/#\/schema\/logo\/image\/\"},\"sameAs\":[\"https:\/\/x.com\/Cenati_\",\"https:\/\/www.instagram.com\/consultoria_y_asesoria_en_ti\/\",\"https:\/\/www.linkedin.com\/company\/cenati?trk=public_post_share-update_actor-text\"]}]}<\/script>\n<!-- \/ Yoast SEO plugin. -->","yoast_head_json":{"title":"Auraquantic","description":"Auraquantic Integraciones con las aplicaciones m\u00e1s potentesAuraQuantic se conecta f\u00e1cilmente con las aplicaciones m\u00e1s usadas en el entorno empresarial,","robots":{"index":"index","follow":"follow","max-snippet":"max-snippet:-1","max-image-preview":"max-image-preview:large","max-video-preview":"max-video-preview:-1"},"canonical":"https:\/\/www.cenati.com.co\/en\/auraquantic\/","og_locale":"en_US","og_type":"article","og_title":"Auraquantic","og_description":"Auraquantic Integraciones con las aplicaciones m\u00e1s potentesAuraQuantic se conecta f\u00e1cilmente con las aplicaciones m\u00e1s usadas en el entorno empresarial,","og_url":"https:\/\/www.cenati.com.co\/en\/auraquantic\/","og_site_name":"CENATI","article_modified_time":"2025-12-22T15:36:44+00:00","twitter_card":"summary_large_image","twitter_site":"@Cenati_","twitter_misc":{"Est. reading time":"1 minute"},"schema":{"@context":"https:\/\/schema.org","@graph":[{"@type":"WebPage","@id":"https:\/\/www.cenati.com.co\/auraquantic\/","url":"https:\/\/www.cenati.com.co\/auraquantic\/","name":"Auraquantic","isPartOf":{"@id":"https:\/\/www.cenati.com.co\/en\/#website"},"datePublished":"2025-11-11T18:36:56+00:00","dateModified":"2025-12-22T15:36:44+00:00","description":"Auraquantic Integraciones con las aplicaciones m\u00e1s potentesAuraQuantic se conecta f\u00e1cilmente con las aplicaciones m\u00e1s usadas en el entorno empresarial,","breadcrumb":{"@id":"https:\/\/www.cenati.com.co\/auraquantic\/#breadcrumb"},"inLanguage":"en-US","potentialAction":[{"@type":"ReadAction","target":["https:\/\/www.cenati.com.co\/auraquantic\/"]}]},{"@type":"BreadcrumbList","@id":"https:\/\/www.cenati.com.co\/auraquantic\/#breadcrumb","itemListElement":[{"@type":"ListItem","position":1,"name":"Portada","item":"https:\/\/www.cenati.com.co\/"},{"@type":"ListItem","position":2,"name":"Auraquantic"}]},{"@type":"WebSite","@id":"https:\/\/www.cenati.com.co\/en\/#website","url":"https:\/\/www.cenati.com.co\/en\/","name":"CENATI","description":"Asesorias y consultorias TI","publisher":{"@id":"https:\/\/www.cenati.com.co\/en\/#organization"},"potentialAction":[{"@type":"SearchAction","target":{"@type":"EntryPoint","urlTemplate":"https:\/\/www.cenati.com.co\/en\/?s={search_term_string}"},"query-input":{"@type":"PropertyValueSpecification","valueRequired":true,"valueName":"search_term_string"}}],"inLanguage":"en-US"},{"@type":"Organization","@id":"https:\/\/www.cenati.com.co\/en\/#organization","name":"CENATI","url":"https:\/\/www.cenati.com.co\/en\/","logo":{"@type":"ImageObject","inLanguage":"en-US","@id":"https:\/\/www.cenati.com.co\/en\/#\/schema\/logo\/image\/","url":"https:\/\/www.cenati.com.co\/wp-content\/uploads\/2021\/10\/logo.png","contentUrl":"https:\/\/www.cenati.com.co\/wp-content\/uploads\/2021\/10\/logo.png","width":157,"height":135,"caption":"CENATI"},"image":{"@id":"https:\/\/www.cenati.com.co\/en\/#\/schema\/logo\/image\/"},"sameAs":["https:\/\/x.com\/Cenati_","https:\/\/www.instagram.com\/consultoria_y_asesoria_en_ti\/","https:\/\/www.linkedin.com\/company\/cenati?trk=public_post_share-update_actor-text"]}]}},"_links":{"self":[{"href":"https:\/\/www.cenati.com.co\/en\/wp-json\/wp\/v2\/pages\/4893","targetHints":{"allow":["GET"]}}],"collection":[{"href":"https:\/\/www.cenati.com.co\/en\/wp-json\/wp\/v2\/pages"}],"about":[{"href":"https:\/\/www.cenati.com.co\/en\/wp-json\/wp\/v2\/types\/page"}],"author":[{"embeddable":true,"href":"https:\/\/www.cenati.com.co\/en\/wp-json\/wp\/v2\/users\/3"}],"replies":[{"embeddable":true,"href":"https:\/\/www.cenati.com.co\/en\/wp-json\/wp\/v2\/comments?post=4893"}],"version-history":[{"count":0,"href":"https:\/\/www.cenati.com.co\/en\/wp-json\/wp\/v2\/pages\/4893\/revisions"}],"wp:attachment":[{"href":"https:\/\/www.cenati.com.co\/en\/wp-json\/wp\/v2\/media?parent=4893"}],"curies":[{"name":"wp","href":"https:\/\/api.w.org\/{rel}","templated":true}]}}