{"id":4364,"date":"2023-02-27T23:37:01","date_gmt":"2023-02-28T04:37:01","guid":{"rendered":"https:\/\/www.cenati.com.co\/?page_id=4364"},"modified":"2023-03-31T08:56:28","modified_gmt":"2023-03-31T13:56:28","slug":"curso-as400-avanzado","status":"publish","type":"page","link":"https:\/\/www.cenati.com.co\/en\/curso-as400-avanzado\/","title":{"rendered":"Curso AS400 Avanzado"},"content":{"rendered":"<div data-elementor-type=\"wp-page\" data-elementor-id=\"4364\" class=\"elementor elementor-4364\">\n\t\t\t\t\t\t<section class=\"elementor-section elementor-top-section elementor-element elementor-element-ced4daa elementor-section-boxed elementor-section-height-default elementor-section-height-default\" data-id=\"ced4daa\" data-element_type=\"section\" data-settings=\"{&quot;background_background&quot;:&quot;classic&quot;}\">\n\t\t\t\t\t\t<div class=\"elementor-container elementor-column-gap-default\">\n\t\t\t\t\t<div class=\"elementor-column elementor-col-100 elementor-top-column elementor-element elementor-element-caa0d73\" data-id=\"caa0d73\" data-element_type=\"column\">\n\t\t\t<div class=\"elementor-widget-wrap elementor-element-populated\">\n\t\t\t\t\t\t<div class=\"elementor-element elementor-element-3821047 elementor-widget elementor-widget-spacer\" data-id=\"3821047\" data-element_type=\"widget\" data-widget_type=\"spacer.default\">\n\t\t\t\t<div class=\"elementor-widget-container\">\n\t\t\t\t\t\t\t<div class=\"elementor-spacer\">\n\t\t\t<div class=\"elementor-spacer-inner\"><\/div>\n\t\t<\/div>\n\t\t\t\t\t\t<\/div>\n\t\t\t\t<\/div>\n\t\t\t\t<div class=\"elementor-element elementor-element-b44f168 elementor-widget elementor-widget-heading\" data-id=\"b44f168\" data-element_type=\"widget\" data-widget_type=\"heading.default\">\n\t\t\t\t<div class=\"elementor-widget-container\">\n\t\t\t\t\t<h2 class=\"elementor-heading-title elementor-size-default\">Curso Avanzado AS400<\/h2>\t\t\t\t<\/div>\n\t\t\t\t<\/div>\n\t\t\t\t<div class=\"elementor-element elementor-element-c70b3a9 elementor-widget elementor-widget-spacer\" data-id=\"c70b3a9\" data-element_type=\"widget\" data-widget_type=\"spacer.default\">\n\t\t\t\t<div class=\"elementor-widget-container\">\n\t\t\t\t\t\t\t<div class=\"elementor-spacer\">\n\t\t\t<div class=\"elementor-spacer-inner\"><\/div>\n\t\t<\/div>\n\t\t\t\t\t\t<\/div>\n\t\t\t\t<\/div>\n\t\t\t\t\t<\/div>\n\t\t<\/div>\n\t\t\t\t\t<\/div>\n\t\t<\/section>\n\t\t\t\t<section class=\"elementor-section elementor-top-section elementor-element elementor-element-bbf7661 elementor-section-boxed elementor-section-height-default elementor-section-height-default\" data-id=\"bbf7661\" data-element_type=\"section\">\n\t\t\t\t\t\t<div class=\"elementor-container elementor-column-gap-default\">\n\t\t\t\t\t<div class=\"elementor-column elementor-col-100 elementor-top-column elementor-element elementor-element-19f003a\" data-id=\"19f003a\" data-element_type=\"column\">\n\t\t\t<div class=\"elementor-widget-wrap elementor-element-populated\">\n\t\t\t\t\t\t<div class=\"elementor-element elementor-element-7f341db elementor-cta--layout-image-left elementor-cta--mobile-layout-image-above elementor-cta--skin-classic elementor-animated-content elementor-widget elementor-widget-call-to-action\" data-id=\"7f341db\" data-element_type=\"widget\" data-widget_type=\"call-to-action.default\">\n\t\t\t\t<div class=\"elementor-widget-container\">\n\t\t\t\t\t\t\t<div class=\"elementor-cta\">\n\t\t\t\t\t<div class=\"elementor-cta__bg-wrapper\">\n\t\t\t\t<div class=\"elementor-cta__bg elementor-bg lazyload\" style=\"background-image:inherit;\" data-bg-image=\"url(https:\/\/www.cenati.com.co\/wp-content\/uploads\/2023\/02\/images-1.png)\"><\/div>\n\t\t\t\t<div class=\"elementor-cta__bg-overlay\"><\/div>\n\t\t\t<\/div>\n\t\t\t\t\t\t\t<div class=\"elementor-cta__content\">\n\t\t\t\t\n\t\t\t\t<h2 class=\"elementor-cta__title elementor-cta__content-item elementor-content-item\">Temas del curso:<\/h2>\n\t\t\t\t\t\t\t\t\t<div class=\"elementor-cta__description elementor-cta__content-item elementor-content-item\">\n\t\t\t\t\t\t<div style=\"text-align: justify;\">- Dise\u00f1o de pantallas usando SDA, Conceptos b\u00e1sicos de dise\u00f1o de subarchivos, identificaci\u00f3n de la ubicaci\u00f3n del cursor, subarchivo con opci\u00f3n de selecci\u00f3n, DDS\u2019s de Windows, manejo de subarchivos con Windows, manejo de barra movil en subarchivos, subarchivo de ingreso de datos, manejo de l\u00ednea truncada y plegada en subarchivos, subrachivos con mas de una columna de visualizaci\u00f3n, etc.<br>-Ejemplos desarrollados en su totalidad y ejercicios propuestos.<\/div><div style=\"text-align: justify;\"><\/div><div style=\"text-align: justify;\">Tambien tenemos temas especiales de capacitaci\u00f3n como: programaci\u00f3n con manejo de archivos con control de compromiso (COMMIT y ROLLBK), manejo de modulos en RPGILE formato ampliado, incluyendo uso de programas de servicio, convertir archivos de spool en formato .PDF y llevarlos al PC, etc.\n\n<span style=\"text-align: center;\">Adicionalmente, podemos definir un curso a la medida de la necesidad del cliente, mediante una selecci\u00f3n personalizada de temas a tratar.<\/span>\n<\/div><div style=\"text-align: justify;\"><\/div>\t\t\t\t\t<\/div>\n\t\t\t\t\n\t\t\t\t\t\t\t<\/div>\n\t\t\t\t\t\t<\/div>\n\t\t\t\t\t\t<\/div>\n\t\t\t\t<\/div>\n\t\t\t\t\t<\/div>\n\t\t<\/div>\n\t\t\t\t\t<\/div>\n\t\t<\/section>\n\t\t\t\t<section class=\"elementor-section elementor-top-section elementor-element elementor-element-2243816 elementor-section-stretched elementor-section-boxed elementor-section-height-default elementor-section-height-default\" data-id=\"2243816\" data-element_type=\"section\" data-settings=\"{&quot;background_background&quot;:&quot;classic&quot;,&quot;stretch_section&quot;:&quot;section-stretched&quot;}\">\n\t\t\t\t\t\t<div class=\"elementor-container elementor-column-gap-default\">\n\t\t\t\t\t<div class=\"elementor-column elementor-col-33 elementor-top-column elementor-element elementor-element-e623d13\" data-id=\"e623d13\" data-element_type=\"column\">\n\t\t\t<div class=\"elementor-widget-wrap elementor-element-populated\">\n\t\t\t\t\t\t<div class=\"elementor-element elementor-element-e8dc245 elementor-widget elementor-widget-heading\" data-id=\"e8dc245\" data-element_type=\"widget\" data-widget_type=\"heading.default\">\n\t\t\t\t<div class=\"elementor-widget-container\">\n\t\t\t\t\t<h4 class=\"elementor-heading-title elementor-size-default\">CENATI<\/h4>\t\t\t\t<\/div>\n\t\t\t\t<\/div>\n\t\t\t\t<div class=\"elementor-element elementor-element-8094f11 elementor-widget elementor-widget-text-editor\" data-id=\"8094f11\" data-element_type=\"widget\" data-widget_type=\"text-editor.default\">\n\t\t\t\t<div class=\"elementor-widget-container\">\n\t\t\t\t\t\t\t\t\t<p>We are an IT consulting company with more than 20 years of experience in the financial industry.<\/p><p>We provide in-home resources with high technical capabilities and committed to achieving goals.<\/p>\t\t\t\t\t\t\t\t<\/div>\n\t\t\t\t<\/div>\n\t\t\t\t\t<\/div>\n\t\t<\/div>\n\t\t\t\t<div class=\"elementor-column elementor-col-33 elementor-top-column elementor-element elementor-element-7aec7a2\" data-id=\"7aec7a2\" data-element_type=\"column\">\n\t\t\t<div class=\"elementor-widget-wrap elementor-element-populated\">\n\t\t\t\t\t\t<div class=\"elementor-element elementor-element-1276a7d elementor-widget elementor-widget-heading\" data-id=\"1276a7d\" data-element_type=\"widget\" data-widget_type=\"heading.default\">\n\t\t\t\t<div class=\"elementor-widget-container\">\n\t\t\t\t\t<h4 class=\"elementor-heading-title elementor-size-default\">Services<\/h4>\t\t\t\t<\/div>\n\t\t\t\t<\/div>\n\t\t\t\t<div class=\"elementor-element elementor-element-0ba198c elementor-icon-list--layout-traditional elementor-list-item-link-full_width elementor-widget elementor-widget-icon-list\" data-id=\"0ba198c\" data-element_type=\"widget\" data-widget_type=\"icon-list.default\">\n\t\t\t\t<div class=\"elementor-widget-container\">\n\t\t\t\t\t\t\t<ul class=\"elementor-icon-list-items\">\n\t\t\t\t\t\t\t<li class=\"elementor-icon-list-item\">\n\t\t\t\t\t\t\t\t\t\t\t<a href=\"https:\/\/www.cenati.com.co\/en\/as400-power-i\/\">\n\n\t\t\t\t\t\t\t\t\t\t\t\t<span class=\"elementor-icon-list-icon\">\n\t\t\t\t\t\t\t<i aria-hidden=\"true\" class=\"fas fa-chalkboard\"><\/i>\t\t\t\t\t\t<\/span>\n\t\t\t\t\t\t\t\t\t\t<span class=\"elementor-icon-list-text\">AS\/400 Power i<\/span>\n\t\t\t\t\t\t\t\t\t\t\t<\/a>\n\t\t\t\t\t\t\t\t\t<\/li>\n\t\t\t\t\t\t\t\t<li class=\"elementor-icon-list-item\">\n\t\t\t\t\t\t\t\t\t\t\t<a href=\"https:\/\/www.cenati.com.co\/en\/sap-commerce-cloud\/\">\n\n\t\t\t\t\t\t\t\t\t\t\t\t<span class=\"elementor-icon-list-icon\">\n\t\t\t\t\t\t\t<i aria-hidden=\"true\" class=\"fas fa-cloud\"><\/i>\t\t\t\t\t\t<\/span>\n\t\t\t\t\t\t\t\t\t\t<span class=\"elementor-icon-list-text\">SAP Commerce<\/span>\n\t\t\t\t\t\t\t\t\t\t\t<\/a>\n\t\t\t\t\t\t\t\t\t<\/li>\n\t\t\t\t\t\t\t\t<li class=\"elementor-icon-list-item\">\n\t\t\t\t\t\t\t\t\t\t\t<a href=\"https:\/\/www.cenati.com.co\/en\/desarrollo-full-stack\/\">\n\n\t\t\t\t\t\t\t\t\t\t\t\t<span class=\"elementor-icon-list-icon\">\n\t\t\t\t\t\t\t<i aria-hidden=\"true\" class=\"fas fa-laptop-code\"><\/i>\t\t\t\t\t\t<\/span>\n\t\t\t\t\t\t\t\t\t\t<span class=\"elementor-icon-list-text\">Full Stack<\/span>\n\t\t\t\t\t\t\t\t\t\t\t<\/a>\n\t\t\t\t\t\t\t\t\t<\/li>\n\t\t\t\t\t\t\t\t<li class=\"elementor-icon-list-item\">\n\t\t\t\t\t\t\t\t\t\t\t<a href=\"https:\/\/www.cenati.com.co\/en\/infraestructura-ti\/\">\n\n\t\t\t\t\t\t\t\t\t\t\t\t<span class=\"elementor-icon-list-icon\">\n\t\t\t\t\t\t\t<i aria-hidden=\"true\" class=\"fas fa-server\"><\/i>\t\t\t\t\t\t<\/span>\n\t\t\t\t\t\t\t\t\t\t<span class=\"elementor-icon-list-text\">IT Infrastructure<\/span>\n\t\t\t\t\t\t\t\t\t\t\t<\/a>\n\t\t\t\t\t\t\t\t\t<\/li>\n\t\t\t\t\t\t<\/ul>\n\t\t\t\t\t\t<\/div>\n\t\t\t\t<\/div>\n\t\t\t\t\t<\/div>\n\t\t<\/div>\n\t\t\t\t<div class=\"elementor-column elementor-col-33 elementor-top-column elementor-element elementor-element-d1825f9\" data-id=\"d1825f9\" data-element_type=\"column\">\n\t\t\t<div class=\"elementor-widget-wrap elementor-element-populated\">\n\t\t\t\t\t\t<div class=\"elementor-element elementor-element-fd12e04 elementor-icon-list--layout-traditional elementor-list-item-link-full_width elementor-widget elementor-widget-icon-list\" data-id=\"fd12e04\" data-element_type=\"widget\" data-widget_type=\"icon-list.default\">\n\t\t\t\t<div class=\"elementor-widget-container\">\n\t\t\t\t\t\t\t<ul class=\"elementor-icon-list-items\">\n\t\t\t\t\t\t\t<li class=\"elementor-icon-list-item\">\n\t\t\t\t\t\t\t\t\t\t\t<a href=\"https:\/\/www.cenati.com.co\/en\/?page_id=548\">\n\n\t\t\t\t\t\t\t\t\t\t\t<span class=\"elementor-icon-list-text\">PRIVACY AND PERSONAL DATA PROTECTION POLICY<\/span>\n\t\t\t\t\t\t\t\t\t\t\t<\/a>\n\t\t\t\t\t\t\t\t\t<\/li>\n\t\t\t\t\t\t\t\t<li class=\"elementor-icon-list-item\">\n\t\t\t\t\t\t\t\t\t\t\t<a href=\"http:\/\/concenati.com\/login\/index.php\">\n\n\t\t\t\t\t\t\t\t\t\t\t<span class=\"elementor-icon-list-text\">Virtual Campus<\/span>\n\t\t\t\t\t\t\t\t\t\t\t<\/a>\n\t\t\t\t\t\t\t\t\t<\/li>\n\t\t\t\t\t\t<\/ul>\n\t\t\t\t\t\t<\/div>\n\t\t\t\t<\/div>\n\t\t\t\t<div class=\"elementor-element elementor-element-eec3b98 elementor-widget elementor-widget-google_maps\" data-id=\"eec3b98\" data-element_type=\"widget\" data-widget_type=\"google_maps.default\">\n\t\t\t\t<div class=\"elementor-widget-container\">\n\t\t\t\t\t\t\t<div class=\"elementor-custom-embed\">\n\t\t\t<iframe\n\t\t\t\t\tdata-src=\"https:\/\/maps.google.com\/maps?q=Cra.%207%20nro.%2045-43%20Int.%20402.%20%2C%20Bogot%C3%A1&#038;t=m&#038;z=15&#038;output=embed&#038;iwloc=near\"\n\t\t\t\t\ttitle=\"Cra. 7 nro. 45-43 Int. 402. , Bogot\u00e1\"\n\t\t\t\t\taria-label=\"Cra. 7 nro. 45-43 Int. 402. , Bogot\u00e1\"\n\t\t\t src=\"data:image\/svg+xml;base64,PHN2ZyB3aWR0aD0iMSIgaGVpZ2h0PSIxIiB4bWxucz0iaHR0cDovL3d3dy53My5vcmcvMjAwMC9zdmciPjwvc3ZnPg==\" class=\"lazyload\" data-load-mode=\"1\"><\/iframe>\n\t\t<\/div>\n\t\t\t\t\t\t<\/div>\n\t\t\t\t<\/div>\n\t\t\t\t\t<\/div>\n\t\t<\/div>\n\t\t\t\t\t<\/div>\n\t\t<\/section>\n\t\t\t\t<\/div>","protected":false},"excerpt":{"rendered":"<p>Curso Avanzado AS400 Temas del curso: &#8211; Dise\u00f1o de pantallas usando SDA, Conceptos b\u00e1sicos de dise\u00f1o de subarchivos, identificaci\u00f3n de la ubicaci\u00f3n del cursor, subarchivo con opci\u00f3n de selecci\u00f3n, DDS\u2019s de Windows, manejo de subarchivos con Windows, manejo de barra movil en subarchivos, subarchivo de ingreso de datos, manejo de l\u00ednea truncada y plegada en&hellip;&nbsp;<a href=\"https:\/\/www.cenati.com.co\/en\/curso-as400-avanzado\/\" class=\"\" rel=\"bookmark\">Read More &raquo;<span class=\"screen-reader-text\">Curso AS400 Avanzado<\/span><\/a><\/p>","protected":false},"author":5,"featured_media":0,"parent":0,"menu_order":0,"comment_status":"closed","ping_status":"closed","template":"page-templates\/template-pagebuilder-full-width.php","meta":{"neve_meta_sidebar":"","neve_meta_container":"","neve_meta_enable_content_width":"","neve_meta_content_width":0,"neve_meta_title_alignment":"","neve_meta_author_avatar":"","neve_post_elements_order":"","neve_meta_disable_header":"","neve_meta_disable_footer":"","neve_meta_disable_title":"","footnotes":""},"class_list":["post-4364","page","type-page","status-publish","hentry"],"yoast_head":"<!-- This site is optimized with the Yoast SEO plugin v26.6 - https:\/\/yoast.com\/wordpress\/plugins\/seo\/ -->\n<title>Curso AS400 Avanzado<\/title>\n<meta name=\"description\" content=\"Curso Avanzado AS400 Temas del curso: - Dise\u00f1o de pantallas usando SDA, Conceptos b\u00e1sicos de dise\u00f1o de subarchivos, identificaci\u00f3n de la ubicaci\u00f3n del\" \/>\n<meta name=\"robots\" content=\"index, follow, max-snippet:-1, max-image-preview:large, max-video-preview:-1\" \/>\n<link rel=\"canonical\" href=\"https:\/\/www.cenati.com.co\/en\/curso-as400-avanzado\/\" \/>\n<meta property=\"og:locale\" content=\"en_US\" \/>\n<meta property=\"og:type\" content=\"article\" \/>\n<meta property=\"og:title\" content=\"Curso AS400 Avanzado\" \/>\n<meta property=\"og:description\" content=\"Curso Avanzado AS400 Temas del curso: - Dise\u00f1o de pantallas usando SDA, Conceptos b\u00e1sicos de dise\u00f1o de subarchivos, identificaci\u00f3n de la ubicaci\u00f3n del\" \/>\n<meta property=\"og:url\" content=\"https:\/\/www.cenati.com.co\/en\/curso-as400-avanzado\/\" \/>\n<meta property=\"og:site_name\" content=\"CENATI\" \/>\n<meta property=\"article:modified_time\" content=\"2023-03-31T13:56:28+00:00\" \/>\n<meta name=\"twitter:card\" content=\"summary_large_image\" \/>\n<meta name=\"twitter:site\" content=\"@Cenati_\" \/>\n<meta name=\"twitter:label1\" content=\"Est. reading time\" \/>\n\t<meta name=\"twitter:data1\" content=\"1 minute\" \/>\n<script type=\"application\/ld+json\" class=\"yoast-schema-graph\">{\"@context\":\"https:\/\/schema.org\",\"@graph\":[{\"@type\":\"WebPage\",\"@id\":\"https:\/\/www.cenati.com.co\/curso-as400-avanzado\/\",\"url\":\"https:\/\/www.cenati.com.co\/curso-as400-avanzado\/\",\"name\":\"Curso AS400 Avanzado\",\"isPartOf\":{\"@id\":\"https:\/\/www.cenati.com.co\/en\/#website\"},\"datePublished\":\"2023-02-28T04:37:01+00:00\",\"dateModified\":\"2023-03-31T13:56:28+00:00\",\"description\":\"Curso Avanzado AS400 Temas del curso: - Dise\u00f1o de pantallas usando SDA, Conceptos b\u00e1sicos de dise\u00f1o de subarchivos, identificaci\u00f3n de la ubicaci\u00f3n del\",\"breadcrumb\":{\"@id\":\"https:\/\/www.cenati.com.co\/curso-as400-avanzado\/#breadcrumb\"},\"inLanguage\":\"en-US\",\"potentialAction\":[{\"@type\":\"ReadAction\",\"target\":[\"https:\/\/www.cenati.com.co\/curso-as400-avanzado\/\"]}]},{\"@type\":\"BreadcrumbList\",\"@id\":\"https:\/\/www.cenati.com.co\/curso-as400-avanzado\/#breadcrumb\",\"itemListElement\":[{\"@type\":\"ListItem\",\"position\":1,\"name\":\"Portada\",\"item\":\"https:\/\/www.cenati.com.co\/\"},{\"@type\":\"ListItem\",\"position\":2,\"name\":\"Curso AS400 Avanzado\"}]},{\"@type\":\"WebSite\",\"@id\":\"https:\/\/www.cenati.com.co\/en\/#website\",\"url\":\"https:\/\/www.cenati.com.co\/en\/\",\"name\":\"CENATI\",\"description\":\"Asesorias y consultorias TI\",\"publisher\":{\"@id\":\"https:\/\/www.cenati.com.co\/en\/#organization\"},\"potentialAction\":[{\"@type\":\"SearchAction\",\"target\":{\"@type\":\"EntryPoint\",\"urlTemplate\":\"https:\/\/www.cenati.com.co\/en\/?s={search_term_string}\"},\"query-input\":{\"@type\":\"PropertyValueSpecification\",\"valueRequired\":true,\"valueName\":\"search_term_string\"}}],\"inLanguage\":\"en-US\"},{\"@type\":\"Organization\",\"@id\":\"https:\/\/www.cenati.com.co\/en\/#organization\",\"name\":\"CENATI\",\"url\":\"https:\/\/www.cenati.com.co\/en\/\",\"logo\":{\"@type\":\"ImageObject\",\"inLanguage\":\"en-US\",\"@id\":\"https:\/\/www.cenati.com.co\/en\/#\/schema\/logo\/image\/\",\"url\":\"https:\/\/www.cenati.com.co\/wp-content\/uploads\/2021\/10\/logo.png\",\"contentUrl\":\"https:\/\/www.cenati.com.co\/wp-content\/uploads\/2021\/10\/logo.png\",\"width\":157,\"height\":135,\"caption\":\"CENATI\"},\"image\":{\"@id\":\"https:\/\/www.cenati.com.co\/en\/#\/schema\/logo\/image\/\"},\"sameAs\":[\"https:\/\/x.com\/Cenati_\",\"https:\/\/www.instagram.com\/consultoria_y_asesoria_en_ti\/\",\"https:\/\/www.linkedin.com\/company\/cenati?trk=public_post_share-update_actor-text\"]}]}<\/script>\n<!-- \/ Yoast SEO plugin. -->","yoast_head_json":{"title":"Curso AS400 Avanzado","description":"Curso Avanzado AS400 Temas del curso: - Dise\u00f1o de pantallas usando SDA, Conceptos b\u00e1sicos de dise\u00f1o de subarchivos, identificaci\u00f3n de la ubicaci\u00f3n del","robots":{"index":"index","follow":"follow","max-snippet":"max-snippet:-1","max-image-preview":"max-image-preview:large","max-video-preview":"max-video-preview:-1"},"canonical":"https:\/\/www.cenati.com.co\/en\/curso-as400-avanzado\/","og_locale":"en_US","og_type":"article","og_title":"Curso AS400 Avanzado","og_description":"Curso Avanzado AS400 Temas del curso: - Dise\u00f1o de pantallas usando SDA, Conceptos b\u00e1sicos de dise\u00f1o de subarchivos, identificaci\u00f3n de la ubicaci\u00f3n del","og_url":"https:\/\/www.cenati.com.co\/en\/curso-as400-avanzado\/","og_site_name":"CENATI","article_modified_time":"2023-03-31T13:56:28+00:00","twitter_card":"summary_large_image","twitter_site":"@Cenati_","twitter_misc":{"Est. reading time":"1 minute"},"schema":{"@context":"https:\/\/schema.org","@graph":[{"@type":"WebPage","@id":"https:\/\/www.cenati.com.co\/curso-as400-avanzado\/","url":"https:\/\/www.cenati.com.co\/curso-as400-avanzado\/","name":"Curso AS400 Avanzado","isPartOf":{"@id":"https:\/\/www.cenati.com.co\/en\/#website"},"datePublished":"2023-02-28T04:37:01+00:00","dateModified":"2023-03-31T13:56:28+00:00","description":"Curso Avanzado AS400 Temas del curso: - Dise\u00f1o de pantallas usando SDA, Conceptos b\u00e1sicos de dise\u00f1o de subarchivos, identificaci\u00f3n de la ubicaci\u00f3n del","breadcrumb":{"@id":"https:\/\/www.cenati.com.co\/curso-as400-avanzado\/#breadcrumb"},"inLanguage":"en-US","potentialAction":[{"@type":"ReadAction","target":["https:\/\/www.cenati.com.co\/curso-as400-avanzado\/"]}]},{"@type":"BreadcrumbList","@id":"https:\/\/www.cenati.com.co\/curso-as400-avanzado\/#breadcrumb","itemListElement":[{"@type":"ListItem","position":1,"name":"Portada","item":"https:\/\/www.cenati.com.co\/"},{"@type":"ListItem","position":2,"name":"Curso AS400 Avanzado"}]},{"@type":"WebSite","@id":"https:\/\/www.cenati.com.co\/en\/#website","url":"https:\/\/www.cenati.com.co\/en\/","name":"CENATI","description":"Asesorias y consultorias TI","publisher":{"@id":"https:\/\/www.cenati.com.co\/en\/#organization"},"potentialAction":[{"@type":"SearchAction","target":{"@type":"EntryPoint","urlTemplate":"https:\/\/www.cenati.com.co\/en\/?s={search_term_string}"},"query-input":{"@type":"PropertyValueSpecification","valueRequired":true,"valueName":"search_term_string"}}],"inLanguage":"en-US"},{"@type":"Organization","@id":"https:\/\/www.cenati.com.co\/en\/#organization","name":"CENATI","url":"https:\/\/www.cenati.com.co\/en\/","logo":{"@type":"ImageObject","inLanguage":"en-US","@id":"https:\/\/www.cenati.com.co\/en\/#\/schema\/logo\/image\/","url":"https:\/\/www.cenati.com.co\/wp-content\/uploads\/2021\/10\/logo.png","contentUrl":"https:\/\/www.cenati.com.co\/wp-content\/uploads\/2021\/10\/logo.png","width":157,"height":135,"caption":"CENATI"},"image":{"@id":"https:\/\/www.cenati.com.co\/en\/#\/schema\/logo\/image\/"},"sameAs":["https:\/\/x.com\/Cenati_","https:\/\/www.instagram.com\/consultoria_y_asesoria_en_ti\/","https:\/\/www.linkedin.com\/company\/cenati?trk=public_post_share-update_actor-text"]}]}},"_links":{"self":[{"href":"https:\/\/www.cenati.com.co\/en\/wp-json\/wp\/v2\/pages\/4364","targetHints":{"allow":["GET"]}}],"collection":[{"href":"https:\/\/www.cenati.com.co\/en\/wp-json\/wp\/v2\/pages"}],"about":[{"href":"https:\/\/www.cenati.com.co\/en\/wp-json\/wp\/v2\/types\/page"}],"author":[{"embeddable":true,"href":"https:\/\/www.cenati.com.co\/en\/wp-json\/wp\/v2\/users\/5"}],"replies":[{"embeddable":true,"href":"https:\/\/www.cenati.com.co\/en\/wp-json\/wp\/v2\/comments?post=4364"}],"version-history":[{"count":0,"href":"https:\/\/www.cenati.com.co\/en\/wp-json\/wp\/v2\/pages\/4364\/revisions"}],"wp:attachment":[{"href":"https:\/\/www.cenati.com.co\/en\/wp-json\/wp\/v2\/media?parent=4364"}],"curies":[{"name":"wp","href":"https:\/\/api.w.org\/{rel}","templated":true}]}}