{"id":4354,"date":"2023-02-27T19:11:08","date_gmt":"2023-02-28T00:11:08","guid":{"rendered":"https:\/\/www.cenati.com.co\/?page_id=4354"},"modified":"2023-03-31T08:54:04","modified_gmt":"2023-03-31T13:54:04","slug":"curso-basico-as400","status":"publish","type":"page","link":"https:\/\/www.cenati.com.co\/en\/curso-basico-as400\/","title":{"rendered":"Curso B\u00e1sico AS400"},"content":{"rendered":"<div data-elementor-type=\"wp-page\" data-elementor-id=\"4354\" class=\"elementor elementor-4354\">\n\t\t\t\t\t\t<section class=\"elementor-section elementor-top-section elementor-element elementor-element-b2e563b elementor-section-boxed elementor-section-height-default elementor-section-height-default\" data-id=\"b2e563b\" data-element_type=\"section\" data-settings=\"{&quot;background_background&quot;:&quot;classic&quot;}\">\n\t\t\t\t\t\t<div class=\"elementor-container elementor-column-gap-default\">\n\t\t\t\t\t<div class=\"elementor-column elementor-col-100 elementor-top-column elementor-element elementor-element-4eb7430\" data-id=\"4eb7430\" data-element_type=\"column\">\n\t\t\t<div class=\"elementor-widget-wrap elementor-element-populated\">\n\t\t\t\t\t\t<div class=\"elementor-element elementor-element-47fef77 elementor-widget elementor-widget-spacer\" data-id=\"47fef77\" data-element_type=\"widget\" data-widget_type=\"spacer.default\">\n\t\t\t\t<div class=\"elementor-widget-container\">\n\t\t\t\t\t\t\t<div class=\"elementor-spacer\">\n\t\t\t<div class=\"elementor-spacer-inner\"><\/div>\n\t\t<\/div>\n\t\t\t\t\t\t<\/div>\n\t\t\t\t<\/div>\n\t\t\t\t<div class=\"elementor-element elementor-element-44475a9 elementor-widget elementor-widget-heading\" data-id=\"44475a9\" data-element_type=\"widget\" data-widget_type=\"heading.default\">\n\t\t\t\t<div class=\"elementor-widget-container\">\n\t\t\t\t\t<h2 class=\"elementor-heading-title elementor-size-default\">Curso B\u00e1sico AS400<\/h2>\t\t\t\t<\/div>\n\t\t\t\t<\/div>\n\t\t\t\t<div class=\"elementor-element elementor-element-799e0cf elementor-widget elementor-widget-spacer\" data-id=\"799e0cf\" data-element_type=\"widget\" data-widget_type=\"spacer.default\">\n\t\t\t\t<div class=\"elementor-widget-container\">\n\t\t\t\t\t\t\t<div class=\"elementor-spacer\">\n\t\t\t<div class=\"elementor-spacer-inner\"><\/div>\n\t\t<\/div>\n\t\t\t\t\t\t<\/div>\n\t\t\t\t<\/div>\n\t\t\t\t\t<\/div>\n\t\t<\/div>\n\t\t\t\t\t<\/div>\n\t\t<\/section>\n\t\t\t\t<section class=\"elementor-section elementor-top-section elementor-element elementor-element-6e3ee4a elementor-section-boxed elementor-section-height-default elementor-section-height-default\" data-id=\"6e3ee4a\" data-element_type=\"section\">\n\t\t\t\t\t\t<div class=\"elementor-container elementor-column-gap-default\">\n\t\t\t\t\t<div class=\"elementor-column elementor-col-100 elementor-top-column elementor-element elementor-element-e9e795f\" data-id=\"e9e795f\" data-element_type=\"column\">\n\t\t\t<div class=\"elementor-widget-wrap elementor-element-populated\">\n\t\t\t\t\t\t<div class=\"elementor-element elementor-element-2078b3a elementor-cta--layout-image-left elementor-cta--mobile-layout-image-above elementor-cta--skin-classic elementor-animated-content elementor-widget elementor-widget-call-to-action\" data-id=\"2078b3a\" data-element_type=\"widget\" data-widget_type=\"call-to-action.default\">\n\t\t\t\t<div class=\"elementor-widget-container\">\n\t\t\t\t\t\t\t<div class=\"elementor-cta\">\n\t\t\t\t\t<div class=\"elementor-cta__bg-wrapper\">\n\t\t\t\t<div class=\"elementor-cta__bg elementor-bg lazyload\" style=\"background-image:inherit;\" data-bg-image=\"url(https:\/\/www.cenati.com.co\/wp-content\/uploads\/2023\/02\/IBM-iSeries-AS400-Common-Myths.jpg)\"><\/div>\n\t\t\t\t<div class=\"elementor-cta__bg-overlay\"><\/div>\n\t\t\t<\/div>\n\t\t\t\t\t\t\t<div class=\"elementor-cta__content\">\n\t\t\t\t\n\t\t\t\t<h2 class=\"elementor-cta__title elementor-cta__content-item elementor-content-item\">Temas del curso:<\/h2>\n\t\t\t\t\t\t\t\t\t<div class=\"elementor-cta__description elementor-cta__content-item elementor-content-item\">\n\t\t\t\t\t\t<p align=\"justify\">Conceptos b\u00e1sicos. <span style=\"font-weight: var(--bodyFontWeight); letter-spacing: var(--bodyLetterSpacing); text-transform: var(--bodyTextTransform);\">SEU, Dise\u00f1o y codificaci\u00f3n de archivos de impresora usando RLU. <\/span><span style=\"font-weight: var(--bodyFontWeight); letter-spacing: var(--bodyLetterSpacing); text-transform: var(--bodyTextTransform);\">Codificaci\u00f3n de un programa RPG. \nCodigos de operaci\u00f3n b\u00e1sico, de lectura y manejo de archivos. C\u00f3digos de operaciones l\u00f3gicas y de manejo de tablas y arreglos. \n<\/span><span style=\"font-weight: var(--bodyFontWeight); letter-spacing: var(--bodyLetterSpacing); text-transform: var(--bodyTextTransform);\">Operaciones de manejo de \u00e1rea de datos y estructuras de datos. Uso de algunas funciones integradas del lenguaje RPGILE.\nManejo de campos de fecha, c\u00f3digos de funciones de manejo de cadenas de caracteres RPGILE en formato libre, etc.\nEjemplos desarrollados en su totalidad y ejercicios propuestos.<\/span><\/p><p align=\"justify\"><span style=\"text-align: center; font-family: var(--bodyFontFamily),var(--nv-fallback-ff); font-weight: var(--bodyFontWeight); letter-spacing: var(--bodyLetterSpacing); text-transform: var(--bodyTextTransform);\">Adicionalmente, podemos definir un curso a la medida de la necesidad del cliente, mediante una selecci\u00f3n personalizada de temas a tratar.<\/span><\/p>\t\t\t\t\t<\/div>\n\t\t\t\t\n\t\t\t\t\t\t\t<\/div>\n\t\t\t\t\t\t<\/div>\n\t\t\t\t\t\t<\/div>\n\t\t\t\t<\/div>\n\t\t\t\t\t<\/div>\n\t\t<\/div>\n\t\t\t\t\t<\/div>\n\t\t<\/section>\n\t\t\t\t<section class=\"elementor-section elementor-top-section elementor-element elementor-element-c1f3e6c elementor-section-stretched elementor-section-boxed elementor-section-height-default elementor-section-height-default\" data-id=\"c1f3e6c\" data-element_type=\"section\" data-settings=\"{&quot;background_background&quot;:&quot;classic&quot;,&quot;stretch_section&quot;:&quot;section-stretched&quot;}\">\n\t\t\t\t\t\t<div class=\"elementor-container elementor-column-gap-default\">\n\t\t\t\t\t<div class=\"elementor-column elementor-col-33 elementor-top-column elementor-element elementor-element-73d3cd3\" data-id=\"73d3cd3\" data-element_type=\"column\">\n\t\t\t<div class=\"elementor-widget-wrap elementor-element-populated\">\n\t\t\t\t\t\t<div class=\"elementor-element elementor-element-de4fc0d elementor-widget elementor-widget-heading\" data-id=\"de4fc0d\" data-element_type=\"widget\" data-widget_type=\"heading.default\">\n\t\t\t\t<div class=\"elementor-widget-container\">\n\t\t\t\t\t<h4 class=\"elementor-heading-title elementor-size-default\">CENATI<\/h4>\t\t\t\t<\/div>\n\t\t\t\t<\/div>\n\t\t\t\t<div class=\"elementor-element elementor-element-d45000f elementor-widget elementor-widget-text-editor\" data-id=\"d45000f\" data-element_type=\"widget\" data-widget_type=\"text-editor.default\">\n\t\t\t\t<div class=\"elementor-widget-container\">\n\t\t\t\t\t\t\t\t\t<p>We are an IT consulting company with more than 20 years of experience in the financial industry.<\/p><p>We provide in-home resources with high technical capabilities and committed to achieving goals.<\/p>\t\t\t\t\t\t\t\t<\/div>\n\t\t\t\t<\/div>\n\t\t\t\t\t<\/div>\n\t\t<\/div>\n\t\t\t\t<div class=\"elementor-column elementor-col-33 elementor-top-column elementor-element elementor-element-5a3428a\" data-id=\"5a3428a\" data-element_type=\"column\">\n\t\t\t<div class=\"elementor-widget-wrap elementor-element-populated\">\n\t\t\t\t\t\t<div class=\"elementor-element elementor-element-7d5681e elementor-widget elementor-widget-heading\" data-id=\"7d5681e\" data-element_type=\"widget\" data-widget_type=\"heading.default\">\n\t\t\t\t<div class=\"elementor-widget-container\">\n\t\t\t\t\t<h4 class=\"elementor-heading-title elementor-size-default\">Services<\/h4>\t\t\t\t<\/div>\n\t\t\t\t<\/div>\n\t\t\t\t<div class=\"elementor-element elementor-element-da3893f elementor-icon-list--layout-traditional elementor-list-item-link-full_width elementor-widget elementor-widget-icon-list\" data-id=\"da3893f\" data-element_type=\"widget\" data-widget_type=\"icon-list.default\">\n\t\t\t\t<div class=\"elementor-widget-container\">\n\t\t\t\t\t\t\t<ul class=\"elementor-icon-list-items\">\n\t\t\t\t\t\t\t<li class=\"elementor-icon-list-item\">\n\t\t\t\t\t\t\t\t\t\t\t<a href=\"https:\/\/www.cenati.com.co\/en\/as400-power-i\/\">\n\n\t\t\t\t\t\t\t\t\t\t\t\t<span class=\"elementor-icon-list-icon\">\n\t\t\t\t\t\t\t<i aria-hidden=\"true\" class=\"fas fa-chalkboard\"><\/i>\t\t\t\t\t\t<\/span>\n\t\t\t\t\t\t\t\t\t\t<span class=\"elementor-icon-list-text\">AS\/400 Power i<\/span>\n\t\t\t\t\t\t\t\t\t\t\t<\/a>\n\t\t\t\t\t\t\t\t\t<\/li>\n\t\t\t\t\t\t\t\t<li class=\"elementor-icon-list-item\">\n\t\t\t\t\t\t\t\t\t\t\t<a href=\"https:\/\/www.cenati.com.co\/en\/sap-commerce-cloud\/\">\n\n\t\t\t\t\t\t\t\t\t\t\t\t<span class=\"elementor-icon-list-icon\">\n\t\t\t\t\t\t\t<i aria-hidden=\"true\" class=\"fas fa-cloud\"><\/i>\t\t\t\t\t\t<\/span>\n\t\t\t\t\t\t\t\t\t\t<span class=\"elementor-icon-list-text\">SAP Commerce<\/span>\n\t\t\t\t\t\t\t\t\t\t\t<\/a>\n\t\t\t\t\t\t\t\t\t<\/li>\n\t\t\t\t\t\t\t\t<li class=\"elementor-icon-list-item\">\n\t\t\t\t\t\t\t\t\t\t\t<a href=\"https:\/\/www.cenati.com.co\/en\/desarrollo-full-stack\/\">\n\n\t\t\t\t\t\t\t\t\t\t\t\t<span class=\"elementor-icon-list-icon\">\n\t\t\t\t\t\t\t<i aria-hidden=\"true\" class=\"fas fa-laptop-code\"><\/i>\t\t\t\t\t\t<\/span>\n\t\t\t\t\t\t\t\t\t\t<span class=\"elementor-icon-list-text\">Full Stack<\/span>\n\t\t\t\t\t\t\t\t\t\t\t<\/a>\n\t\t\t\t\t\t\t\t\t<\/li>\n\t\t\t\t\t\t\t\t<li class=\"elementor-icon-list-item\">\n\t\t\t\t\t\t\t\t\t\t\t<a href=\"https:\/\/www.cenati.com.co\/en\/infraestructura-ti\/\">\n\n\t\t\t\t\t\t\t\t\t\t\t\t<span class=\"elementor-icon-list-icon\">\n\t\t\t\t\t\t\t<i aria-hidden=\"true\" class=\"fas fa-server\"><\/i>\t\t\t\t\t\t<\/span>\n\t\t\t\t\t\t\t\t\t\t<span class=\"elementor-icon-list-text\">IT Infrastructure<\/span>\n\t\t\t\t\t\t\t\t\t\t\t<\/a>\n\t\t\t\t\t\t\t\t\t<\/li>\n\t\t\t\t\t\t<\/ul>\n\t\t\t\t\t\t<\/div>\n\t\t\t\t<\/div>\n\t\t\t\t\t<\/div>\n\t\t<\/div>\n\t\t\t\t<div class=\"elementor-column elementor-col-33 elementor-top-column elementor-element elementor-element-3859733\" data-id=\"3859733\" data-element_type=\"column\">\n\t\t\t<div class=\"elementor-widget-wrap elementor-element-populated\">\n\t\t\t\t\t\t<div class=\"elementor-element elementor-element-b4d81aa elementor-icon-list--layout-traditional elementor-list-item-link-full_width elementor-widget elementor-widget-icon-list\" data-id=\"b4d81aa\" data-element_type=\"widget\" data-widget_type=\"icon-list.default\">\n\t\t\t\t<div class=\"elementor-widget-container\">\n\t\t\t\t\t\t\t<ul class=\"elementor-icon-list-items\">\n\t\t\t\t\t\t\t<li class=\"elementor-icon-list-item\">\n\t\t\t\t\t\t\t\t\t\t\t<a href=\"https:\/\/www.cenati.com.co\/en\/?page_id=548\">\n\n\t\t\t\t\t\t\t\t\t\t\t<span class=\"elementor-icon-list-text\">PRIVACY AND PERSONAL DATA PROTECTION POLICY<\/span>\n\t\t\t\t\t\t\t\t\t\t\t<\/a>\n\t\t\t\t\t\t\t\t\t<\/li>\n\t\t\t\t\t\t\t\t<li class=\"elementor-icon-list-item\">\n\t\t\t\t\t\t\t\t\t\t\t<a href=\"http:\/\/concenati.com\/login\/index.php\">\n\n\t\t\t\t\t\t\t\t\t\t\t<span class=\"elementor-icon-list-text\">Virtual Campus<\/span>\n\t\t\t\t\t\t\t\t\t\t\t<\/a>\n\t\t\t\t\t\t\t\t\t<\/li>\n\t\t\t\t\t\t<\/ul>\n\t\t\t\t\t\t<\/div>\n\t\t\t\t<\/div>\n\t\t\t\t<div class=\"elementor-element elementor-element-f4aa6af elementor-widget elementor-widget-google_maps\" data-id=\"f4aa6af\" data-element_type=\"widget\" data-widget_type=\"google_maps.default\">\n\t\t\t\t<div class=\"elementor-widget-container\">\n\t\t\t\t\t\t\t<div class=\"elementor-custom-embed\">\n\t\t\t<iframe\n\t\t\t\t\tdata-src=\"https:\/\/maps.google.com\/maps?q=Cra.%207%20nro.%2045-43%20Int.%20402.%20%2C%20Bogot%C3%A1&#038;t=m&#038;z=15&#038;output=embed&#038;iwloc=near\"\n\t\t\t\t\ttitle=\"Cra. 7 nro. 45-43 Int. 402. , Bogot\u00e1\"\n\t\t\t\t\taria-label=\"Cra. 7 nro. 45-43 Int. 402. , Bogot\u00e1\"\n\t\t\t src=\"data:image\/svg+xml;base64,PHN2ZyB3aWR0aD0iMSIgaGVpZ2h0PSIxIiB4bWxucz0iaHR0cDovL3d3dy53My5vcmcvMjAwMC9zdmciPjwvc3ZnPg==\" class=\"lazyload\" data-load-mode=\"1\"><\/iframe>\n\t\t<\/div>\n\t\t\t\t\t\t<\/div>\n\t\t\t\t<\/div>\n\t\t\t\t\t<\/div>\n\t\t<\/div>\n\t\t\t\t\t<\/div>\n\t\t<\/section>\n\t\t\t\t<\/div>","protected":false},"excerpt":{"rendered":"<p>Curso B\u00e1sico AS400 Temas del curso: Conceptos b\u00e1sicos. SEU, Dise\u00f1o y codificaci\u00f3n de archivos de impresora usando RLU. Codificaci\u00f3n de un programa RPG. Codigos de operaci\u00f3n b\u00e1sico, de lectura y manejo de archivos. C\u00f3digos de operaciones l\u00f3gicas y de manejo de tablas y arreglos. Operaciones de manejo de \u00e1rea de datos y estructuras de datos.&hellip;&nbsp;<a href=\"https:\/\/www.cenati.com.co\/en\/curso-basico-as400\/\" class=\"\" rel=\"bookmark\">Read More &raquo;<span class=\"screen-reader-text\">Curso B\u00e1sico AS400<\/span><\/a><\/p>","protected":false},"author":5,"featured_media":0,"parent":0,"menu_order":0,"comment_status":"closed","ping_status":"closed","template":"page-templates\/template-pagebuilder-full-width.php","meta":{"neve_meta_sidebar":"","neve_meta_container":"","neve_meta_enable_content_width":"","neve_meta_content_width":0,"neve_meta_title_alignment":"","neve_meta_author_avatar":"","neve_post_elements_order":"","neve_meta_disable_header":"","neve_meta_disable_footer":"","neve_meta_disable_title":"","footnotes":""},"class_list":["post-4354","page","type-page","status-publish","hentry"],"yoast_head":"<!-- This site is optimized with the Yoast SEO plugin v26.6 - https:\/\/yoast.com\/wordpress\/plugins\/seo\/ -->\n<title>Curso B\u00e1sico AS400<\/title>\n<meta name=\"description\" content=\"Curso B\u00e1sico AS400 Temas del curso: Conceptos b\u00e1sicos. SEU, Dise\u00f1o y codificaci\u00f3n de archivos de impresora usando RLU. Codificaci\u00f3n de un programa RPG.\" \/>\n<meta name=\"robots\" content=\"index, follow, max-snippet:-1, max-image-preview:large, max-video-preview:-1\" \/>\n<link rel=\"canonical\" href=\"https:\/\/www.cenati.com.co\/en\/curso-basico-as400\/\" \/>\n<meta property=\"og:locale\" content=\"en_US\" \/>\n<meta property=\"og:type\" content=\"article\" \/>\n<meta property=\"og:title\" content=\"Curso B\u00e1sico AS400\" \/>\n<meta property=\"og:description\" content=\"Curso B\u00e1sico AS400 Temas del curso: Conceptos b\u00e1sicos. SEU, Dise\u00f1o y codificaci\u00f3n de archivos de impresora usando RLU. Codificaci\u00f3n de un programa RPG.\" \/>\n<meta property=\"og:url\" content=\"https:\/\/www.cenati.com.co\/en\/curso-basico-as400\/\" \/>\n<meta property=\"og:site_name\" content=\"CENATI\" \/>\n<meta property=\"article:modified_time\" content=\"2023-03-31T13:54:04+00:00\" \/>\n<meta name=\"twitter:card\" content=\"summary_large_image\" \/>\n<meta name=\"twitter:site\" content=\"@Cenati_\" \/>\n<meta name=\"twitter:label1\" content=\"Est. reading time\" \/>\n\t<meta name=\"twitter:data1\" content=\"1 minute\" \/>\n<script type=\"application\/ld+json\" class=\"yoast-schema-graph\">{\"@context\":\"https:\/\/schema.org\",\"@graph\":[{\"@type\":\"WebPage\",\"@id\":\"https:\/\/www.cenati.com.co\/curso-basico-as400\/\",\"url\":\"https:\/\/www.cenati.com.co\/curso-basico-as400\/\",\"name\":\"Curso B\u00e1sico AS400\",\"isPartOf\":{\"@id\":\"https:\/\/www.cenati.com.co\/en\/#website\"},\"datePublished\":\"2023-02-28T00:11:08+00:00\",\"dateModified\":\"2023-03-31T13:54:04+00:00\",\"description\":\"Curso B\u00e1sico AS400 Temas del curso: Conceptos b\u00e1sicos. SEU, Dise\u00f1o y codificaci\u00f3n de archivos de impresora usando RLU. Codificaci\u00f3n de un programa RPG.\",\"breadcrumb\":{\"@id\":\"https:\/\/www.cenati.com.co\/curso-basico-as400\/#breadcrumb\"},\"inLanguage\":\"en-US\",\"potentialAction\":[{\"@type\":\"ReadAction\",\"target\":[\"https:\/\/www.cenati.com.co\/curso-basico-as400\/\"]}]},{\"@type\":\"BreadcrumbList\",\"@id\":\"https:\/\/www.cenati.com.co\/curso-basico-as400\/#breadcrumb\",\"itemListElement\":[{\"@type\":\"ListItem\",\"position\":1,\"name\":\"Portada\",\"item\":\"https:\/\/www.cenati.com.co\/\"},{\"@type\":\"ListItem\",\"position\":2,\"name\":\"Curso B\u00e1sico AS400\"}]},{\"@type\":\"WebSite\",\"@id\":\"https:\/\/www.cenati.com.co\/en\/#website\",\"url\":\"https:\/\/www.cenati.com.co\/en\/\",\"name\":\"CENATI\",\"description\":\"Asesorias y consultorias TI\",\"publisher\":{\"@id\":\"https:\/\/www.cenati.com.co\/en\/#organization\"},\"potentialAction\":[{\"@type\":\"SearchAction\",\"target\":{\"@type\":\"EntryPoint\",\"urlTemplate\":\"https:\/\/www.cenati.com.co\/en\/?s={search_term_string}\"},\"query-input\":{\"@type\":\"PropertyValueSpecification\",\"valueRequired\":true,\"valueName\":\"search_term_string\"}}],\"inLanguage\":\"en-US\"},{\"@type\":\"Organization\",\"@id\":\"https:\/\/www.cenati.com.co\/en\/#organization\",\"name\":\"CENATI\",\"url\":\"https:\/\/www.cenati.com.co\/en\/\",\"logo\":{\"@type\":\"ImageObject\",\"inLanguage\":\"en-US\",\"@id\":\"https:\/\/www.cenati.com.co\/en\/#\/schema\/logo\/image\/\",\"url\":\"https:\/\/www.cenati.com.co\/wp-content\/uploads\/2021\/10\/logo.png\",\"contentUrl\":\"https:\/\/www.cenati.com.co\/wp-content\/uploads\/2021\/10\/logo.png\",\"width\":157,\"height\":135,\"caption\":\"CENATI\"},\"image\":{\"@id\":\"https:\/\/www.cenati.com.co\/en\/#\/schema\/logo\/image\/\"},\"sameAs\":[\"https:\/\/x.com\/Cenati_\",\"https:\/\/www.instagram.com\/consultoria_y_asesoria_en_ti\/\",\"https:\/\/www.linkedin.com\/company\/cenati?trk=public_post_share-update_actor-text\"]}]}<\/script>\n<!-- \/ Yoast SEO plugin. -->","yoast_head_json":{"title":"Curso B\u00e1sico AS400","description":"Curso B\u00e1sico AS400 Temas del curso: Conceptos b\u00e1sicos. SEU, Dise\u00f1o y codificaci\u00f3n de archivos de impresora usando RLU. Codificaci\u00f3n de un programa RPG.","robots":{"index":"index","follow":"follow","max-snippet":"max-snippet:-1","max-image-preview":"max-image-preview:large","max-video-preview":"max-video-preview:-1"},"canonical":"https:\/\/www.cenati.com.co\/en\/curso-basico-as400\/","og_locale":"en_US","og_type":"article","og_title":"Curso B\u00e1sico AS400","og_description":"Curso B\u00e1sico AS400 Temas del curso: Conceptos b\u00e1sicos. SEU, Dise\u00f1o y codificaci\u00f3n de archivos de impresora usando RLU. Codificaci\u00f3n de un programa RPG.","og_url":"https:\/\/www.cenati.com.co\/en\/curso-basico-as400\/","og_site_name":"CENATI","article_modified_time":"2023-03-31T13:54:04+00:00","twitter_card":"summary_large_image","twitter_site":"@Cenati_","twitter_misc":{"Est. reading time":"1 minute"},"schema":{"@context":"https:\/\/schema.org","@graph":[{"@type":"WebPage","@id":"https:\/\/www.cenati.com.co\/curso-basico-as400\/","url":"https:\/\/www.cenati.com.co\/curso-basico-as400\/","name":"Curso B\u00e1sico AS400","isPartOf":{"@id":"https:\/\/www.cenati.com.co\/en\/#website"},"datePublished":"2023-02-28T00:11:08+00:00","dateModified":"2023-03-31T13:54:04+00:00","description":"Curso B\u00e1sico AS400 Temas del curso: Conceptos b\u00e1sicos. SEU, Dise\u00f1o y codificaci\u00f3n de archivos de impresora usando RLU. Codificaci\u00f3n de un programa RPG.","breadcrumb":{"@id":"https:\/\/www.cenati.com.co\/curso-basico-as400\/#breadcrumb"},"inLanguage":"en-US","potentialAction":[{"@type":"ReadAction","target":["https:\/\/www.cenati.com.co\/curso-basico-as400\/"]}]},{"@type":"BreadcrumbList","@id":"https:\/\/www.cenati.com.co\/curso-basico-as400\/#breadcrumb","itemListElement":[{"@type":"ListItem","position":1,"name":"Portada","item":"https:\/\/www.cenati.com.co\/"},{"@type":"ListItem","position":2,"name":"Curso B\u00e1sico AS400"}]},{"@type":"WebSite","@id":"https:\/\/www.cenati.com.co\/en\/#website","url":"https:\/\/www.cenati.com.co\/en\/","name":"CENATI","description":"Asesorias y consultorias TI","publisher":{"@id":"https:\/\/www.cenati.com.co\/en\/#organization"},"potentialAction":[{"@type":"SearchAction","target":{"@type":"EntryPoint","urlTemplate":"https:\/\/www.cenati.com.co\/en\/?s={search_term_string}"},"query-input":{"@type":"PropertyValueSpecification","valueRequired":true,"valueName":"search_term_string"}}],"inLanguage":"en-US"},{"@type":"Organization","@id":"https:\/\/www.cenati.com.co\/en\/#organization","name":"CENATI","url":"https:\/\/www.cenati.com.co\/en\/","logo":{"@type":"ImageObject","inLanguage":"en-US","@id":"https:\/\/www.cenati.com.co\/en\/#\/schema\/logo\/image\/","url":"https:\/\/www.cenati.com.co\/wp-content\/uploads\/2021\/10\/logo.png","contentUrl":"https:\/\/www.cenati.com.co\/wp-content\/uploads\/2021\/10\/logo.png","width":157,"height":135,"caption":"CENATI"},"image":{"@id":"https:\/\/www.cenati.com.co\/en\/#\/schema\/logo\/image\/"},"sameAs":["https:\/\/x.com\/Cenati_","https:\/\/www.instagram.com\/consultoria_y_asesoria_en_ti\/","https:\/\/www.linkedin.com\/company\/cenati?trk=public_post_share-update_actor-text"]}]}},"_links":{"self":[{"href":"https:\/\/www.cenati.com.co\/en\/wp-json\/wp\/v2\/pages\/4354","targetHints":{"allow":["GET"]}}],"collection":[{"href":"https:\/\/www.cenati.com.co\/en\/wp-json\/wp\/v2\/pages"}],"about":[{"href":"https:\/\/www.cenati.com.co\/en\/wp-json\/wp\/v2\/types\/page"}],"author":[{"embeddable":true,"href":"https:\/\/www.cenati.com.co\/en\/wp-json\/wp\/v2\/users\/5"}],"replies":[{"embeddable":true,"href":"https:\/\/www.cenati.com.co\/en\/wp-json\/wp\/v2\/comments?post=4354"}],"version-history":[{"count":0,"href":"https:\/\/www.cenati.com.co\/en\/wp-json\/wp\/v2\/pages\/4354\/revisions"}],"wp:attachment":[{"href":"https:\/\/www.cenati.com.co\/en\/wp-json\/wp\/v2\/media?parent=4354"}],"curies":[{"name":"wp","href":"https:\/\/api.w.org\/{rel}","templated":true}]}}