{"id":4152,"date":"2022-11-30T18:46:11","date_gmt":"2022-11-30T23:46:11","guid":{"rendered":"https:\/\/www.cenati.com.co\/?page_id=4152"},"modified":"2023-05-10T12:30:04","modified_gmt":"2023-05-10T17:30:04","slug":"perfiles-y-roles","status":"publish","type":"page","link":"https:\/\/www.cenati.com.co\/en\/perfiles-y-roles\/","title":{"rendered":"PROFILES AND ROLES"},"content":{"rendered":"<div data-elementor-type=\"wp-page\" data-elementor-id=\"4152\" class=\"elementor elementor-4152\">\n\t\t\t\t\t\t<section class=\"elementor-section elementor-top-section elementor-element elementor-element-f10c0b5 elementor-section-boxed elementor-section-height-default elementor-section-height-default\" data-id=\"f10c0b5\" data-element_type=\"section\" data-settings=\"{&quot;background_background&quot;:&quot;classic&quot;}\">\n\t\t\t\t\t\t<div class=\"elementor-container elementor-column-gap-default\">\n\t\t\t\t\t<div class=\"elementor-column elementor-col-100 elementor-top-column elementor-element elementor-element-eeb2bfe\" data-id=\"eeb2bfe\" data-element_type=\"column\">\n\t\t\t<div class=\"elementor-widget-wrap elementor-element-populated\">\n\t\t\t\t\t\t<div class=\"elementor-element elementor-element-1bb8dc0 elementor-widget elementor-widget-spacer\" data-id=\"1bb8dc0\" data-element_type=\"widget\" data-widget_type=\"spacer.default\">\n\t\t\t\t<div class=\"elementor-widget-container\">\n\t\t\t\t\t\t\t<div class=\"elementor-spacer\">\n\t\t\t<div class=\"elementor-spacer-inner\"><\/div>\n\t\t<\/div>\n\t\t\t\t\t\t<\/div>\n\t\t\t\t<\/div>\n\t\t\t\t<div class=\"elementor-element elementor-element-94be20c elementor-widget elementor-widget-heading\" data-id=\"94be20c\" data-element_type=\"widget\" data-widget_type=\"heading.default\">\n\t\t\t\t<div class=\"elementor-widget-container\">\n\t\t\t\t\t<h2 class=\"elementor-heading-title elementor-size-default\">PROFILES AND ROLES<\/h2>\t\t\t\t<\/div>\n\t\t\t\t<\/div>\n\t\t\t\t<div class=\"elementor-element elementor-element-eb78bac elementor-widget elementor-widget-spacer\" data-id=\"eb78bac\" data-element_type=\"widget\" data-widget_type=\"spacer.default\">\n\t\t\t\t<div class=\"elementor-widget-container\">\n\t\t\t\t\t\t\t<div class=\"elementor-spacer\">\n\t\t\t<div class=\"elementor-spacer-inner\"><\/div>\n\t\t<\/div>\n\t\t\t\t\t\t<\/div>\n\t\t\t\t<\/div>\n\t\t\t\t\t<\/div>\n\t\t<\/div>\n\t\t\t\t\t<\/div>\n\t\t<\/section>\n\t\t\t\t<section class=\"elementor-section elementor-top-section elementor-element elementor-element-52979da elementor-section-boxed elementor-section-height-default elementor-section-height-default\" data-id=\"52979da\" data-element_type=\"section\" data-settings=\"{&quot;background_background&quot;:&quot;classic&quot;}\">\n\t\t\t\t\t\t<div class=\"elementor-container elementor-column-gap-default\">\n\t\t\t\t\t<div class=\"elementor-column elementor-col-100 elementor-top-column elementor-element elementor-element-6b06d88\" data-id=\"6b06d88\" data-element_type=\"column\">\n\t\t\t<div class=\"elementor-widget-wrap elementor-element-populated\">\n\t\t\t\t\t\t<div class=\"elementor-element elementor-element-b1b1c11 elementor-widget elementor-widget-text-editor\" data-id=\"b1b1c11\" data-element_type=\"widget\" data-widget_type=\"text-editor.default\">\n\t\t\t\t<div class=\"elementor-widget-container\">\n\t\t\t\t\t\t\t\t\t<p>The team is trained by SAP Commerce Cloud Developer and Spartacus<\/p>\t\t\t\t\t\t\t\t<\/div>\n\t\t\t\t<\/div>\n\t\t\t\t<div class=\"elementor-element elementor-element-47783b5 elementor-widget elementor-widget-image\" data-id=\"47783b5\" data-element_type=\"widget\" data-widget_type=\"image.default\">\n\t\t\t\t<div class=\"elementor-widget-container\">\n\t\t\t\t\t\t\t\t\t\t\t\t\t\t\t<img fetchpriority=\"high\" decoding=\"async\" width=\"300\" height=\"300\" src=\"https:\/\/www.cenati.com.co\/wp-content\/uploads\/2023\/05\/neve-web-design-studio-06-300x300.jpg\" class=\"attachment-medium size-medium wp-image-4500\" alt=\"\" srcset=\"https:\/\/www.cenati.com.co\/wp-content\/uploads\/2023\/05\/neve-web-design-studio-06-300x300.jpg 300w, https:\/\/www.cenati.com.co\/wp-content\/uploads\/2023\/05\/neve-web-design-studio-06-150x150.jpg 150w, https:\/\/www.cenati.com.co\/wp-content\/uploads\/2023\/05\/neve-web-design-studio-06-12x12.jpg 12w, https:\/\/www.cenati.com.co\/wp-content\/uploads\/2023\/05\/neve-web-design-studio-06-100x100.jpg 100w, https:\/\/www.cenati.com.co\/wp-content\/uploads\/2023\/05\/neve-web-design-studio-06.jpg 600w\" sizes=\"(max-width: 300px) 100vw, 300px\" \/>\t\t\t\t\t\t\t\t\t\t\t\t\t\t\t<\/div>\n\t\t\t\t<\/div>\n\t\t\t\t\t<\/div>\n\t\t<\/div>\n\t\t\t\t\t<\/div>\n\t\t<\/section>\n\t\t\t\t<section class=\"elementor-section elementor-top-section elementor-element elementor-element-ebf4b46 elementor-section-boxed elementor-section-height-default elementor-section-height-default\" data-id=\"ebf4b46\" data-element_type=\"section\">\n\t\t\t\t\t\t<div class=\"elementor-container elementor-column-gap-default\">\n\t\t\t\t\t<div class=\"elementor-column elementor-col-100 elementor-top-column elementor-element elementor-element-4bb20c2\" data-id=\"4bb20c2\" data-element_type=\"column\">\n\t\t\t<div class=\"elementor-widget-wrap elementor-element-populated\">\n\t\t\t\t\t\t<div class=\"elementor-element elementor-element-804a0c5 elementor-widget elementor-widget-text-editor\" data-id=\"804a0c5\" data-element_type=\"widget\" data-widget_type=\"text-editor.default\">\n\t\t\t\t<div class=\"elementor-widget-container\">\n\t\t\t\t\t\t\t\t\t<table>\n<tbody>\n<tr>\n<td><strong>Profile<\/strong><\/td>\n<td><strong>Description<\/strong><\/td>\n<\/tr>\n<tr>\n<td>Web Developer<\/td>\n<td>We are capable to meet requirements and development needs in presentation layer, that is, in the Frontend of the SAP Commerce platform, this individual has knowledge and skills in the use of HTML, CSS, LESS, Javascript and Jquery; a SAP Developer can assist a senior or semi-senior developer to create simple methods or code fragments. In addition to having the knowledge of a junior developer in the different web development languages ( HTML, CSS, LESS, Javascript and Jquery); also has the ability to perform Java developments and has strong knowledge in Spring Framework and Commerce development best-practice.<\/td>\n<\/tr>\n<tr>\n<td>Senior SAP Developer \/ SAP Team Leader<\/td>\n<td>A Senior SAP Developer or an SAP Team Leader understands the Backend and Frontend development of the SAP Commerce platform, understand the architecture of the entire platform and could analyze the scope of the requirements and for this purpose this person is capable of leading developers and functional teams.<\/td>\n<\/tr>\n<tr>\n<td>SAP Integrator<\/td>\n<td>A SAP Integrator defines the architecture of integration between SAP (On-premise - Cloud) and non-SAP systems for the implementation of interfaces in various communication protocols in the SAP Cloud Platform Integration suite, with the mission of generating a channel of transmission and transformation of data from a sending system to a receiving system, guaranteeing high standards of quality and security so that the business has a global environment of integrated tools that allow in an easy and efficient way to generate flows of processes and data between the different technological systems that are used in an organization or company.<\/td>\n<\/tr>\n<tr>\n<td>SAP Functional Consultant<\/td>\n<td>This individual has knowledge of the SAP Commerce platform tools from the end-user point of view, such as the backoffice and smartedit and has the ability to write the technical specifications of user stories, user manuals and test developments to report possible development failures; a SAP Functional Consultant is competent in the use of impex for system parameterization.<\/td>\n<\/tr>\n<tr>\n<td>SAP Cloud for Customer (C4C)<\/td>\n<td>The SAP Cloud for Customer solution helps manage daily sales and service interactions efficiently by sending and receiving signals between front and back office solutions and providing a single view of the customer.\nSAP Cloud for Customer is a software-as-a-service (SaaS) platform for sales and service. The platform consists of SAP Cloud for Sales and SAP Cloud for Service, which SAP markets as separate entities. SAP Cloud for Customer runs on SAP HANA Cloud Platform (HCP). It is available by subscription per user.\n<\/td>\n<\/tr>\n<tr>\n<td>SAP Sales Cloud<\/td>\n<td>Vendors need a robust set of capabilities to engage in meaningful customer conversations and deliver the right impact every time. Going beyond the traditional approach, SAP Sales Cloud delivers a wonderful user experience and prepares the sales team to close operations faster in today's complex sales environment.<\/td>\n<\/tr>\n<tr>\n<td>SAP Service Cloud<\/td>\n<td>With SAP Service Cloud, your service agents will have your customer information at their fingertips. With the knowledge base and collaboration tools available, you'll know what service resources are available to address a customer's need quickly. Technicians can order spare parts, check inventory, manage tasks and complete services from their mobile devices.<\/td>\n<\/tr>\n<\/tbody>\n<\/table>\t\t\t\t\t\t\t\t<\/div>\n\t\t\t\t<\/div>\n\t\t\t\t\t<\/div>\n\t\t<\/div>\n\t\t\t\t\t<\/div>\n\t\t<\/section>\n\t\t\t\t<section class=\"elementor-section elementor-top-section elementor-element elementor-element-fd4c67d elementor-section-stretched elementor-section-boxed elementor-section-height-default elementor-section-height-default\" data-id=\"fd4c67d\" data-element_type=\"section\" data-settings=\"{&quot;background_background&quot;:&quot;classic&quot;,&quot;stretch_section&quot;:&quot;section-stretched&quot;}\">\n\t\t\t\t\t\t<div class=\"elementor-container elementor-column-gap-default\">\n\t\t\t\t\t<div class=\"elementor-column elementor-col-33 elementor-top-column elementor-element elementor-element-24e181f\" data-id=\"24e181f\" data-element_type=\"column\">\n\t\t\t<div class=\"elementor-widget-wrap elementor-element-populated\">\n\t\t\t\t\t\t<div class=\"elementor-element elementor-element-08bf1ba elementor-widget elementor-widget-heading\" data-id=\"08bf1ba\" data-element_type=\"widget\" data-widget_type=\"heading.default\">\n\t\t\t\t<div class=\"elementor-widget-container\">\n\t\t\t\t\t<h4 class=\"elementor-heading-title elementor-size-default\">CENATI<\/h4>\t\t\t\t<\/div>\n\t\t\t\t<\/div>\n\t\t\t\t<div class=\"elementor-element elementor-element-d1cbd7f elementor-widget elementor-widget-text-editor\" data-id=\"d1cbd7f\" data-element_type=\"widget\" data-widget_type=\"text-editor.default\">\n\t\t\t\t<div class=\"elementor-widget-container\">\n\t\t\t\t\t\t\t\t\t<p>We are an IT consulting company with more than 20 years of experience in the financial industry.<\/p><p>We provide in-home resources with high technical capabilities and committed to achieving goals.<\/p>\t\t\t\t\t\t\t\t<\/div>\n\t\t\t\t<\/div>\n\t\t\t\t\t<\/div>\n\t\t<\/div>\n\t\t\t\t<div class=\"elementor-column elementor-col-33 elementor-top-column elementor-element elementor-element-46b0653\" data-id=\"46b0653\" data-element_type=\"column\">\n\t\t\t<div class=\"elementor-widget-wrap elementor-element-populated\">\n\t\t\t\t\t\t<div class=\"elementor-element elementor-element-5e76319 elementor-widget elementor-widget-spacer\" data-id=\"5e76319\" data-element_type=\"widget\" data-widget_type=\"spacer.default\">\n\t\t\t\t<div class=\"elementor-widget-container\">\n\t\t\t\t\t\t\t<div class=\"elementor-spacer\">\n\t\t\t<div class=\"elementor-spacer-inner\"><\/div>\n\t\t<\/div>\n\t\t\t\t\t\t<\/div>\n\t\t\t\t<\/div>\n\t\t\t\t<div class=\"elementor-element elementor-element-c02f25b elementor-widget elementor-widget-heading\" data-id=\"c02f25b\" data-element_type=\"widget\" data-widget_type=\"heading.default\">\n\t\t\t\t<div class=\"elementor-widget-container\">\n\t\t\t\t\t<h4 class=\"elementor-heading-title elementor-size-default\">Services<\/h4>\t\t\t\t<\/div>\n\t\t\t\t<\/div>\n\t\t\t\t<div class=\"elementor-element elementor-element-7e18c5c elementor-icon-list--layout-traditional elementor-list-item-link-full_width elementor-widget elementor-widget-icon-list\" data-id=\"7e18c5c\" data-element_type=\"widget\" data-widget_type=\"icon-list.default\">\n\t\t\t\t<div class=\"elementor-widget-container\">\n\t\t\t\t\t\t\t<ul class=\"elementor-icon-list-items\">\n\t\t\t\t\t\t\t<li class=\"elementor-icon-list-item\">\n\t\t\t\t\t\t\t\t\t\t\t<a href=\"https:\/\/www.cenati.com.co\/en\/as400-power-i\/\">\n\n\t\t\t\t\t\t\t\t\t\t\t\t<span class=\"elementor-icon-list-icon\">\n\t\t\t\t\t\t\t<i aria-hidden=\"true\" class=\"fas fa-chalkboard\"><\/i>\t\t\t\t\t\t<\/span>\n\t\t\t\t\t\t\t\t\t\t<span class=\"elementor-icon-list-text\">AS\/400 Power i<\/span>\n\t\t\t\t\t\t\t\t\t\t\t<\/a>\n\t\t\t\t\t\t\t\t\t<\/li>\n\t\t\t\t\t\t\t\t<li class=\"elementor-icon-list-item\">\n\t\t\t\t\t\t\t\t\t\t\t<a href=\"https:\/\/www.cenati.com.co\/en\/sap-commerce-cloud\/\">\n\n\t\t\t\t\t\t\t\t\t\t\t\t<span class=\"elementor-icon-list-icon\">\n\t\t\t\t\t\t\t<i aria-hidden=\"true\" class=\"fas fa-cloud\"><\/i>\t\t\t\t\t\t<\/span>\n\t\t\t\t\t\t\t\t\t\t<span class=\"elementor-icon-list-text\">SAP Commerce<\/span>\n\t\t\t\t\t\t\t\t\t\t\t<\/a>\n\t\t\t\t\t\t\t\t\t<\/li>\n\t\t\t\t\t\t\t\t<li class=\"elementor-icon-list-item\">\n\t\t\t\t\t\t\t\t\t\t\t<a href=\"https:\/\/www.cenati.com.co\/en\/desarrollo-full-stack\/\">\n\n\t\t\t\t\t\t\t\t\t\t\t\t<span class=\"elementor-icon-list-icon\">\n\t\t\t\t\t\t\t<i aria-hidden=\"true\" class=\"fas fa-laptop-code\"><\/i>\t\t\t\t\t\t<\/span>\n\t\t\t\t\t\t\t\t\t\t<span class=\"elementor-icon-list-text\">Full Stack<\/span>\n\t\t\t\t\t\t\t\t\t\t\t<\/a>\n\t\t\t\t\t\t\t\t\t<\/li>\n\t\t\t\t\t\t\t\t<li class=\"elementor-icon-list-item\">\n\t\t\t\t\t\t\t\t\t\t\t<a href=\"https:\/\/www.cenati.com.co\/en\/infraestructura-ti\/\">\n\n\t\t\t\t\t\t\t\t\t\t\t\t<span class=\"elementor-icon-list-icon\">\n\t\t\t\t\t\t\t<i aria-hidden=\"true\" class=\"fas fa-server\"><\/i>\t\t\t\t\t\t<\/span>\n\t\t\t\t\t\t\t\t\t\t<span class=\"elementor-icon-list-text\">IT Infrastructure<\/span>\n\t\t\t\t\t\t\t\t\t\t\t<\/a>\n\t\t\t\t\t\t\t\t\t<\/li>\n\t\t\t\t\t\t<\/ul>\n\t\t\t\t\t\t<\/div>\n\t\t\t\t<\/div>\n\t\t\t\t\t<\/div>\n\t\t<\/div>\n\t\t\t\t<div class=\"elementor-column elementor-col-33 elementor-top-column elementor-element elementor-element-323c991\" data-id=\"323c991\" data-element_type=\"column\">\n\t\t\t<div class=\"elementor-widget-wrap elementor-element-populated\">\n\t\t\t\t\t\t<div class=\"elementor-element elementor-element-332920f elementor-icon-list--layout-traditional elementor-list-item-link-full_width elementor-widget elementor-widget-icon-list\" data-id=\"332920f\" data-element_type=\"widget\" data-widget_type=\"icon-list.default\">\n\t\t\t\t<div class=\"elementor-widget-container\">\n\t\t\t\t\t\t\t<ul class=\"elementor-icon-list-items\">\n\t\t\t\t\t\t\t<li class=\"elementor-icon-list-item\">\n\t\t\t\t\t\t\t\t\t\t\t<a href=\"https:\/\/www.cenati.com.co\/en\/?page_id=548\">\n\n\t\t\t\t\t\t\t\t\t\t\t<span class=\"elementor-icon-list-text\">PRIVACY AND PERSONAL DATA PROTECTION POLICY<\/span>\n\t\t\t\t\t\t\t\t\t\t\t<\/a>\n\t\t\t\t\t\t\t\t\t<\/li>\n\t\t\t\t\t\t\t\t<li class=\"elementor-icon-list-item\">\n\t\t\t\t\t\t\t\t\t\t\t<a href=\"http:\/\/concenati.com\/login\/index.php\">\n\n\t\t\t\t\t\t\t\t\t\t\t<span class=\"elementor-icon-list-text\">Virtual Campus<\/span>\n\t\t\t\t\t\t\t\t\t\t\t<\/a>\n\t\t\t\t\t\t\t\t\t<\/li>\n\t\t\t\t\t\t<\/ul>\n\t\t\t\t\t\t<\/div>\n\t\t\t\t<\/div>\n\t\t\t\t<div class=\"elementor-element elementor-element-9728f92 elementor-widget elementor-widget-google_maps\" data-id=\"9728f92\" data-element_type=\"widget\" data-widget_type=\"google_maps.default\">\n\t\t\t\t<div class=\"elementor-widget-container\">\n\t\t\t\t\t\t\t<div class=\"elementor-custom-embed\">\n\t\t\t<iframe\n\t\t\t\t\tdata-src=\"https:\/\/maps.google.com\/maps?q=Cra.%207%20nro.%2045-43%20Int.%20402.%20%2C%20Bogot%C3%A1&#038;t=m&#038;z=15&#038;output=embed&#038;iwloc=near\"\n\t\t\t\t\ttitle=\"Cra. 7 nro. 45-43 Int. 402. , Bogot\u00e1\"\n\t\t\t\t\taria-label=\"Cra. 7 nro. 45-43 Int. 402. , Bogot\u00e1\"\n\t\t\t src=\"data:image\/svg+xml;base64,PHN2ZyB3aWR0aD0iMSIgaGVpZ2h0PSIxIiB4bWxucz0iaHR0cDovL3d3dy53My5vcmcvMjAwMC9zdmciPjwvc3ZnPg==\" class=\"lazyload\" data-load-mode=\"1\"><\/iframe>\n\t\t<\/div>\n\t\t\t\t\t\t<\/div>\n\t\t\t\t<\/div>\n\t\t\t\t\t<\/div>\n\t\t<\/div>\n\t\t\t\t\t<\/div>\n\t\t<\/section>\n\t\t\t\t<\/div>","protected":false},"excerpt":{"rendered":"<p>Perfiles y roles El equipo cuenta con capacitaci\u00f3n de SAP Commerce Cloud Developer y Spartacus Perfil Descripci\u00f3n Desarrollador Web Est\u00e1 en la capacidad de cumplir con requerimientos y necesidades de desarrollo en capa de presentaci\u00f3n, es decir, en el Frontend de la plataforma SAP Commerce, tiene conocimientos y destreza en el uso de HTML, CSS,&hellip;&nbsp;<a href=\"https:\/\/www.cenati.com.co\/en\/perfiles-y-roles\/\" class=\"\" rel=\"bookmark\">Read More &raquo;<span class=\"screen-reader-text\">PROFILES AND ROLES<\/span><\/a><\/p>","protected":false},"author":2,"featured_media":0,"parent":0,"menu_order":0,"comment_status":"closed","ping_status":"closed","template":"page-templates\/template-pagebuilder-full-width.php","meta":{"neve_meta_sidebar":"","neve_meta_container":"","neve_meta_enable_content_width":"","neve_meta_content_width":0,"neve_meta_title_alignment":"","neve_meta_author_avatar":"","neve_post_elements_order":"","neve_meta_disable_header":"","neve_meta_disable_footer":"","neve_meta_disable_title":"","footnotes":""},"class_list":["post-4152","page","type-page","status-publish","hentry"],"yoast_head":"<!-- This site is optimized with the Yoast SEO plugin v26.6 - https:\/\/yoast.com\/wordpress\/plugins\/seo\/ -->\n<title>Perfiles y roles<\/title>\n<meta name=\"description\" content=\"Perfiles y roles El equipo cuenta con capacitaci\u00f3n de SAP Commerce Cloud Developer y Spartacus Perfil Descripci\u00f3n Desarrollador Web Est\u00e1 en la capacidad\" \/>\n<meta name=\"robots\" content=\"index, follow, max-snippet:-1, max-image-preview:large, max-video-preview:-1\" \/>\n<link rel=\"canonical\" href=\"https:\/\/www.cenati.com.co\/en\/perfiles-y-roles\/\" \/>\n<meta property=\"og:locale\" content=\"en_US\" \/>\n<meta property=\"og:type\" content=\"article\" \/>\n<meta property=\"og:title\" content=\"Perfiles y roles\" \/>\n<meta property=\"og:description\" content=\"Perfiles y roles El equipo cuenta con capacitaci\u00f3n de SAP Commerce Cloud Developer y Spartacus Perfil Descripci\u00f3n Desarrollador Web Est\u00e1 en la capacidad\" \/>\n<meta property=\"og:url\" content=\"https:\/\/www.cenati.com.co\/en\/perfiles-y-roles\/\" \/>\n<meta property=\"og:site_name\" content=\"CENATI\" \/>\n<meta property=\"article:modified_time\" content=\"2023-05-10T17:30:04+00:00\" \/>\n<meta property=\"og:image\" content=\"https:\/\/www.cenati.com.co\/wp-content\/uploads\/2023\/05\/neve-web-design-studio-06-300x300.jpg\" \/>\n<meta name=\"twitter:card\" content=\"summary_large_image\" \/>\n<meta name=\"twitter:site\" content=\"@Cenati_\" \/>\n<meta name=\"twitter:label1\" content=\"Est. reading time\" \/>\n\t<meta name=\"twitter:data1\" content=\"3 minutes\" \/>\n<script type=\"application\/ld+json\" class=\"yoast-schema-graph\">{\"@context\":\"https:\/\/schema.org\",\"@graph\":[{\"@type\":\"WebPage\",\"@id\":\"https:\/\/www.cenati.com.co\/perfiles-y-roles\/\",\"url\":\"https:\/\/www.cenati.com.co\/perfiles-y-roles\/\",\"name\":\"Perfiles y roles\",\"isPartOf\":{\"@id\":\"https:\/\/www.cenati.com.co\/en\/#website\"},\"primaryImageOfPage\":{\"@id\":\"https:\/\/www.cenati.com.co\/perfiles-y-roles\/#primaryimage\"},\"image\":{\"@id\":\"https:\/\/www.cenati.com.co\/perfiles-y-roles\/#primaryimage\"},\"thumbnailUrl\":\"https:\/\/www.cenati.com.co\/wp-content\/uploads\/2023\/05\/neve-web-design-studio-06-300x300.jpg\",\"datePublished\":\"2022-11-30T23:46:11+00:00\",\"dateModified\":\"2023-05-10T17:30:04+00:00\",\"description\":\"Perfiles y roles El equipo cuenta con capacitaci\u00f3n de SAP Commerce Cloud Developer y Spartacus Perfil Descripci\u00f3n Desarrollador Web Est\u00e1 en la capacidad\",\"breadcrumb\":{\"@id\":\"https:\/\/www.cenati.com.co\/perfiles-y-roles\/#breadcrumb\"},\"inLanguage\":\"en-US\",\"potentialAction\":[{\"@type\":\"ReadAction\",\"target\":[\"https:\/\/www.cenati.com.co\/perfiles-y-roles\/\"]}]},{\"@type\":\"ImageObject\",\"inLanguage\":\"en-US\",\"@id\":\"https:\/\/www.cenati.com.co\/perfiles-y-roles\/#primaryimage\",\"url\":\"https:\/\/www.cenati.com.co\/wp-content\/uploads\/2023\/05\/neve-web-design-studio-06-300x300.jpg\",\"contentUrl\":\"https:\/\/www.cenati.com.co\/wp-content\/uploads\/2023\/05\/neve-web-design-studio-06-300x300.jpg\"},{\"@type\":\"BreadcrumbList\",\"@id\":\"https:\/\/www.cenati.com.co\/perfiles-y-roles\/#breadcrumb\",\"itemListElement\":[{\"@type\":\"ListItem\",\"position\":1,\"name\":\"Portada\",\"item\":\"https:\/\/www.cenati.com.co\/\"},{\"@type\":\"ListItem\",\"position\":2,\"name\":\"Perfiles y roles\"}]},{\"@type\":\"WebSite\",\"@id\":\"https:\/\/www.cenati.com.co\/en\/#website\",\"url\":\"https:\/\/www.cenati.com.co\/en\/\",\"name\":\"CENATI\",\"description\":\"Asesorias y consultorias TI\",\"publisher\":{\"@id\":\"https:\/\/www.cenati.com.co\/en\/#organization\"},\"potentialAction\":[{\"@type\":\"SearchAction\",\"target\":{\"@type\":\"EntryPoint\",\"urlTemplate\":\"https:\/\/www.cenati.com.co\/en\/?s={search_term_string}\"},\"query-input\":{\"@type\":\"PropertyValueSpecification\",\"valueRequired\":true,\"valueName\":\"search_term_string\"}}],\"inLanguage\":\"en-US\"},{\"@type\":\"Organization\",\"@id\":\"https:\/\/www.cenati.com.co\/en\/#organization\",\"name\":\"CENATI\",\"url\":\"https:\/\/www.cenati.com.co\/en\/\",\"logo\":{\"@type\":\"ImageObject\",\"inLanguage\":\"en-US\",\"@id\":\"https:\/\/www.cenati.com.co\/en\/#\/schema\/logo\/image\/\",\"url\":\"https:\/\/www.cenati.com.co\/wp-content\/uploads\/2021\/10\/logo.png\",\"contentUrl\":\"https:\/\/www.cenati.com.co\/wp-content\/uploads\/2021\/10\/logo.png\",\"width\":157,\"height\":135,\"caption\":\"CENATI\"},\"image\":{\"@id\":\"https:\/\/www.cenati.com.co\/en\/#\/schema\/logo\/image\/\"},\"sameAs\":[\"https:\/\/x.com\/Cenati_\",\"https:\/\/www.instagram.com\/consultoria_y_asesoria_en_ti\/\",\"https:\/\/www.linkedin.com\/company\/cenati?trk=public_post_share-update_actor-text\"]}]}<\/script>\n<!-- \/ Yoast SEO plugin. -->","yoast_head_json":{"title":"PROFILES AND ROLES","description":"Perfiles y roles El equipo cuenta con capacitaci\u00f3n de SAP Commerce Cloud Developer y Spartacus Perfil Descripci\u00f3n Desarrollador Web Est\u00e1 en la capacidad","robots":{"index":"index","follow":"follow","max-snippet":"max-snippet:-1","max-image-preview":"max-image-preview:large","max-video-preview":"max-video-preview:-1"},"canonical":"https:\/\/www.cenati.com.co\/en\/perfiles-y-roles\/","og_locale":"en_US","og_type":"article","og_title":"Perfiles y roles","og_description":"Perfiles y roles El equipo cuenta con capacitaci\u00f3n de SAP Commerce Cloud Developer y Spartacus Perfil Descripci\u00f3n Desarrollador Web Est\u00e1 en la capacidad","og_url":"https:\/\/www.cenati.com.co\/en\/perfiles-y-roles\/","og_site_name":"CENATI","article_modified_time":"2023-05-10T17:30:04+00:00","og_image":[{"url":"https:\/\/www.cenati.com.co\/wp-content\/uploads\/2023\/05\/neve-web-design-studio-06-300x300.jpg","type":"","width":"","height":""}],"twitter_card":"summary_large_image","twitter_site":"@Cenati_","twitter_misc":{"Est. reading time":"3 minutes"},"schema":{"@context":"https:\/\/schema.org","@graph":[{"@type":"WebPage","@id":"https:\/\/www.cenati.com.co\/perfiles-y-roles\/","url":"https:\/\/www.cenati.com.co\/perfiles-y-roles\/","name":"PROFILES AND ROLES","isPartOf":{"@id":"https:\/\/www.cenati.com.co\/en\/#website"},"primaryImageOfPage":{"@id":"https:\/\/www.cenati.com.co\/perfiles-y-roles\/#primaryimage"},"image":{"@id":"https:\/\/www.cenati.com.co\/perfiles-y-roles\/#primaryimage"},"thumbnailUrl":"https:\/\/www.cenati.com.co\/wp-content\/uploads\/2023\/05\/neve-web-design-studio-06-300x300.jpg","datePublished":"2022-11-30T23:46:11+00:00","dateModified":"2023-05-10T17:30:04+00:00","description":"Perfiles y roles El equipo cuenta con capacitaci\u00f3n de SAP Commerce Cloud Developer y Spartacus Perfil Descripci\u00f3n Desarrollador Web Est\u00e1 en la capacidad","breadcrumb":{"@id":"https:\/\/www.cenati.com.co\/perfiles-y-roles\/#breadcrumb"},"inLanguage":"en-US","potentialAction":[{"@type":"ReadAction","target":["https:\/\/www.cenati.com.co\/perfiles-y-roles\/"]}]},{"@type":"ImageObject","inLanguage":"en-US","@id":"https:\/\/www.cenati.com.co\/perfiles-y-roles\/#primaryimage","url":"https:\/\/www.cenati.com.co\/wp-content\/uploads\/2023\/05\/neve-web-design-studio-06-300x300.jpg","contentUrl":"https:\/\/www.cenati.com.co\/wp-content\/uploads\/2023\/05\/neve-web-design-studio-06-300x300.jpg"},{"@type":"BreadcrumbList","@id":"https:\/\/www.cenati.com.co\/perfiles-y-roles\/#breadcrumb","itemListElement":[{"@type":"ListItem","position":1,"name":"Portada","item":"https:\/\/www.cenati.com.co\/"},{"@type":"ListItem","position":2,"name":"Perfiles y roles"}]},{"@type":"WebSite","@id":"https:\/\/www.cenati.com.co\/en\/#website","url":"https:\/\/www.cenati.com.co\/en\/","name":"CENATI","description":"Asesorias y consultorias TI","publisher":{"@id":"https:\/\/www.cenati.com.co\/en\/#organization"},"potentialAction":[{"@type":"SearchAction","target":{"@type":"EntryPoint","urlTemplate":"https:\/\/www.cenati.com.co\/en\/?s={search_term_string}"},"query-input":{"@type":"PropertyValueSpecification","valueRequired":true,"valueName":"search_term_string"}}],"inLanguage":"en-US"},{"@type":"Organization","@id":"https:\/\/www.cenati.com.co\/en\/#organization","name":"CENATI","url":"https:\/\/www.cenati.com.co\/en\/","logo":{"@type":"ImageObject","inLanguage":"en-US","@id":"https:\/\/www.cenati.com.co\/en\/#\/schema\/logo\/image\/","url":"https:\/\/www.cenati.com.co\/wp-content\/uploads\/2021\/10\/logo.png","contentUrl":"https:\/\/www.cenati.com.co\/wp-content\/uploads\/2021\/10\/logo.png","width":157,"height":135,"caption":"CENATI"},"image":{"@id":"https:\/\/www.cenati.com.co\/en\/#\/schema\/logo\/image\/"},"sameAs":["https:\/\/x.com\/Cenati_","https:\/\/www.instagram.com\/consultoria_y_asesoria_en_ti\/","https:\/\/www.linkedin.com\/company\/cenati?trk=public_post_share-update_actor-text"]}]}},"_links":{"self":[{"href":"https:\/\/www.cenati.com.co\/en\/wp-json\/wp\/v2\/pages\/4152","targetHints":{"allow":["GET"]}}],"collection":[{"href":"https:\/\/www.cenati.com.co\/en\/wp-json\/wp\/v2\/pages"}],"about":[{"href":"https:\/\/www.cenati.com.co\/en\/wp-json\/wp\/v2\/types\/page"}],"author":[{"embeddable":true,"href":"https:\/\/www.cenati.com.co\/en\/wp-json\/wp\/v2\/users\/2"}],"replies":[{"embeddable":true,"href":"https:\/\/www.cenati.com.co\/en\/wp-json\/wp\/v2\/comments?post=4152"}],"version-history":[{"count":0,"href":"https:\/\/www.cenati.com.co\/en\/wp-json\/wp\/v2\/pages\/4152\/revisions"}],"wp:attachment":[{"href":"https:\/\/www.cenati.com.co\/en\/wp-json\/wp\/v2\/media?parent=4152"}],"curies":[{"name":"wp","href":"https:\/\/api.w.org\/{rel}","templated":true}]}}