{"id":3,"date":"2021-09-30T04:43:18","date_gmt":"2021-09-30T09:43:18","guid":{"rendered":"https:\/\/www.cenati.com.co\/?page_id=3"},"modified":"2021-10-22T15:44:50","modified_gmt":"2021-10-22T20:44:50","slug":"acuerdos-niveles-servicio","status":"publish","type":"page","link":"https:\/\/www.cenati.com.co\/en\/acuerdos-niveles-servicio\/","title":{"rendered":"Acuerdos de niveles de servicio"},"content":{"rendered":"<p><strong>NIVELES DE SERVICIO:<\/strong> Conforme a las buenas pr\u00e1cticas que demandan este tipo de oferta de servicios, los cumplimos en dos frentes: Cumplimiento Legal , Seriedad y Calidad del Servicio, que a continuaci\u00f3n se detallan:<\/p>\n\n\n\n<p><strong>CUMPLIMIENTO LEGAL:<\/strong> Los recursos profesionales, especializados en plataforma AS\/400 Iseries, que provee CENATI SAS a sus clientes, se subcontratan bajo la legislaci\u00f3n laboral colombiana, ya sea por Servicios Profesionales en el Caso de ser recursos Referenciados por Aliados estrat\u00e9gicos, o con contrato a termino indefinido, cuando son recurso propios, en este \u00faltimo caso, se cumple con: afiliaci\u00f3n a todo el sistema de seguridad social, pago de salarios, prestaciones sociales, y parafiscales, para ello, cuenta con el apoyo de una empresa de experiencia e idoneidad, y esta a su vez cuenta una p\u00f3liza de cumplimiento por el valor de 500 SMLMV.<\/p>\n\n\n\n<p><strong>MONITOREO E INFORMES DEL NIVEL DEL SERVICIO: <\/strong>Comparamos peri\u00f3dicamente nuestra oferta de Servicio con el cumplimiento alcanzado. Esto ser\u00e1 un tema de acuerdo con el cliente para adaptarnos a sus pol\u00edticas internas de calidad y seguimiento del servicio si es necesario. Se presentar\u00e1 un informe del servicio ofrecido, incluyendo obviamente las medidas de mejoramiento ante eventos de error o falla detectados internamente o que el Cliente nos comunique.<\/p>\n\n\n\n<p><strong>ACUERDO DE CONFIDENCIALIDAD: <\/strong>CENATI SAS, le propone al cliente los siguientes criterios de confidencialidad:<\/p>\n\n\n\n<p>Sobre los Recursos IT ofertados: El cliente no podr\u00e1 contratar directamente los recursos por un t\u00e9rmino del doble del tiempo que fue contratado.<\/p>\n\n\n\n<p>El Cliente se abstiene de gestionar directamente los recursos ofertados durante el proceso de contrataci\u00f3n previo al contrato.<\/p>\n\n\n\n<p><strong>ACUERDO DE NIVEL OPERACIONAL:<\/strong> CENATI a fin de garantizar estabilidad y continuidad del servicio, en situaciones puntuales a convenir con el cliente, como el caso de un recurso que no pase e periodo de pruebas, o por fuerza mayor el recurso IT no pueda cumplir con el contrato; CENATI propondr\u00e1 un recurso de backup o de contingencia del mismo perfil t\u00e9cnico propuesto, en t\u00e9rminos de tiempo prudenciales y oportunos a definir con el cliente. Esto se complementa con lo enunciando en el numeral 5.8<\/p>\n\n\n\n<p><strong>CALIDAD DEL SERVICIO: <\/strong>Nuestra pol\u00edtica de Calidad, radica b\u00e1sicamente en una buena formaci\u00f3n y capacitaci\u00f3n de los Recursos ofertados. A continuaci\u00f3n exponemos nuestro plan de capacitaci\u00f3n interna que asegura ante el Cliente que nuestros recursos cumplen con el perfil t\u00e9cnico exigido:<\/p>\n\n\n\n<p><strong>FORMACION:<\/strong> Los recursos IT que provee CENATI, son profesionales en TI, a quienes se les da una capacitaci\u00f3n en los siguientes t\u00f3picos:<\/p>\n\n\n\n<ul class=\"wp-block-list\"><li>Curso\/Taller practica Modelo Entidad Relaci\u00f3n.<\/li><li>An\u00e1lisis y dise\u00f1o de Bases de datos bajo modelo UML.<\/li><li>Algoritmos.<\/li><li>Curso Te\u00f3rico Practico en Herramientas CASE.<\/li><\/ul>","protected":false},"excerpt":{"rendered":"<p>NIVELES DE SERVICIO: Conforme a las buenas pr\u00e1cticas que demandan este tipo de oferta de servicios, los cumplimos en dos frentes: Cumplimiento Legal , Seriedad y Calidad del Servicio, que a continuaci\u00f3n se detallan: CUMPLIMIENTO LEGAL: Los recursos profesionales, especializados en plataforma AS\/400 Iseries, que provee CENATI SAS a sus clientes, se subcontratan bajo la&hellip;&nbsp;<a href=\"https:\/\/www.cenati.com.co\/en\/acuerdos-niveles-servicio\/\" class=\"\" rel=\"bookmark\">Read More &raquo;<span class=\"screen-reader-text\">Acuerdos de niveles de servicio<\/span><\/a><\/p>","protected":false},"author":1,"featured_media":0,"parent":0,"menu_order":0,"comment_status":"closed","ping_status":"closed","template":"","meta":{"neve_meta_sidebar":"","neve_meta_container":"","neve_meta_enable_content_width":"","neve_meta_content_width":0,"neve_meta_title_alignment":"","neve_meta_author_avatar":"","neve_post_elements_order":"","neve_meta_disable_header":"","neve_meta_disable_footer":"","neve_meta_disable_title":"","footnotes":""},"class_list":["post-3","page","type-page","status-publish","hentry"],"yoast_head":"<!-- This site is optimized with the Yoast SEO plugin v26.6 - https:\/\/yoast.com\/wordpress\/plugins\/seo\/ -->\n<title>Acuerdos de niveles de servicio<\/title>\n<meta name=\"description\" content=\"NIVELES DE SERVICIO: Conforme a las buenas pr\u00e1cticas que demandan este tipo de oferta de servicios, los cumplimos en dos frentes: Cumplimiento Legal ,\" \/>\n<meta name=\"robots\" content=\"index, follow, max-snippet:-1, max-image-preview:large, max-video-preview:-1\" \/>\n<link rel=\"canonical\" href=\"https:\/\/www.cenati.com.co\/en\/acuerdos-niveles-servicio\/\" \/>\n<meta property=\"og:locale\" content=\"en_US\" \/>\n<meta property=\"og:type\" content=\"article\" \/>\n<meta property=\"og:title\" content=\"Acuerdos de niveles de servicio\" \/>\n<meta property=\"og:description\" content=\"NIVELES DE SERVICIO: Conforme a las buenas pr\u00e1cticas que demandan este tipo de oferta de servicios, los cumplimos en dos frentes: Cumplimiento Legal ,\" \/>\n<meta property=\"og:url\" content=\"https:\/\/www.cenati.com.co\/en\/acuerdos-niveles-servicio\/\" \/>\n<meta property=\"og:site_name\" content=\"CENATI\" \/>\n<meta property=\"article:modified_time\" content=\"2021-10-22T20:44:50+00:00\" \/>\n<meta name=\"twitter:card\" content=\"summary_large_image\" \/>\n<meta name=\"twitter:site\" content=\"@Cenati_\" \/>\n<meta name=\"twitter:label1\" content=\"Est. reading time\" \/>\n\t<meta name=\"twitter:data1\" content=\"2 minutes\" \/>\n<script type=\"application\/ld+json\" class=\"yoast-schema-graph\">{\"@context\":\"https:\/\/schema.org\",\"@graph\":[{\"@type\":\"WebPage\",\"@id\":\"https:\/\/www.cenati.com.co\/acuerdos-niveles-servicio\/\",\"url\":\"https:\/\/www.cenati.com.co\/acuerdos-niveles-servicio\/\",\"name\":\"Acuerdos de niveles de servicio\",\"isPartOf\":{\"@id\":\"https:\/\/www.cenati.com.co\/en\/#website\"},\"datePublished\":\"2021-09-30T09:43:18+00:00\",\"dateModified\":\"2021-10-22T20:44:50+00:00\",\"description\":\"NIVELES DE SERVICIO: Conforme a las buenas pr\u00e1cticas que demandan este tipo de oferta de servicios, los cumplimos en dos frentes: Cumplimiento Legal ,\",\"breadcrumb\":{\"@id\":\"https:\/\/www.cenati.com.co\/acuerdos-niveles-servicio\/#breadcrumb\"},\"inLanguage\":\"en-US\",\"potentialAction\":[{\"@type\":\"ReadAction\",\"target\":[\"https:\/\/www.cenati.com.co\/acuerdos-niveles-servicio\/\"]}]},{\"@type\":\"BreadcrumbList\",\"@id\":\"https:\/\/www.cenati.com.co\/acuerdos-niveles-servicio\/#breadcrumb\",\"itemListElement\":[{\"@type\":\"ListItem\",\"position\":1,\"name\":\"Portada\",\"item\":\"https:\/\/www.cenati.com.co\/\"},{\"@type\":\"ListItem\",\"position\":2,\"name\":\"Acuerdos de niveles de servicio\"}]},{\"@type\":\"WebSite\",\"@id\":\"https:\/\/www.cenati.com.co\/en\/#website\",\"url\":\"https:\/\/www.cenati.com.co\/en\/\",\"name\":\"CENATI\",\"description\":\"Asesorias y consultorias TI\",\"publisher\":{\"@id\":\"https:\/\/www.cenati.com.co\/en\/#organization\"},\"potentialAction\":[{\"@type\":\"SearchAction\",\"target\":{\"@type\":\"EntryPoint\",\"urlTemplate\":\"https:\/\/www.cenati.com.co\/en\/?s={search_term_string}\"},\"query-input\":{\"@type\":\"PropertyValueSpecification\",\"valueRequired\":true,\"valueName\":\"search_term_string\"}}],\"inLanguage\":\"en-US\"},{\"@type\":\"Organization\",\"@id\":\"https:\/\/www.cenati.com.co\/en\/#organization\",\"name\":\"CENATI\",\"url\":\"https:\/\/www.cenati.com.co\/en\/\",\"logo\":{\"@type\":\"ImageObject\",\"inLanguage\":\"en-US\",\"@id\":\"https:\/\/www.cenati.com.co\/en\/#\/schema\/logo\/image\/\",\"url\":\"https:\/\/www.cenati.com.co\/wp-content\/uploads\/2021\/10\/logo.png\",\"contentUrl\":\"https:\/\/www.cenati.com.co\/wp-content\/uploads\/2021\/10\/logo.png\",\"width\":157,\"height\":135,\"caption\":\"CENATI\"},\"image\":{\"@id\":\"https:\/\/www.cenati.com.co\/en\/#\/schema\/logo\/image\/\"},\"sameAs\":[\"https:\/\/x.com\/Cenati_\",\"https:\/\/www.instagram.com\/consultoria_y_asesoria_en_ti\/\",\"https:\/\/www.linkedin.com\/company\/cenati?trk=public_post_share-update_actor-text\"]}]}<\/script>\n<!-- \/ Yoast SEO plugin. -->","yoast_head_json":{"title":"Acuerdos de niveles de servicio","description":"NIVELES DE SERVICIO: Conforme a las buenas pr\u00e1cticas que demandan este tipo de oferta de servicios, los cumplimos en dos frentes: Cumplimiento Legal ,","robots":{"index":"index","follow":"follow","max-snippet":"max-snippet:-1","max-image-preview":"max-image-preview:large","max-video-preview":"max-video-preview:-1"},"canonical":"https:\/\/www.cenati.com.co\/en\/acuerdos-niveles-servicio\/","og_locale":"en_US","og_type":"article","og_title":"Acuerdos de niveles de servicio","og_description":"NIVELES DE SERVICIO: Conforme a las buenas pr\u00e1cticas que demandan este tipo de oferta de servicios, los cumplimos en dos frentes: Cumplimiento Legal ,","og_url":"https:\/\/www.cenati.com.co\/en\/acuerdos-niveles-servicio\/","og_site_name":"CENATI","article_modified_time":"2021-10-22T20:44:50+00:00","twitter_card":"summary_large_image","twitter_site":"@Cenati_","twitter_misc":{"Est. reading time":"2 minutes"},"schema":{"@context":"https:\/\/schema.org","@graph":[{"@type":"WebPage","@id":"https:\/\/www.cenati.com.co\/acuerdos-niveles-servicio\/","url":"https:\/\/www.cenati.com.co\/acuerdos-niveles-servicio\/","name":"Acuerdos de niveles de servicio","isPartOf":{"@id":"https:\/\/www.cenati.com.co\/en\/#website"},"datePublished":"2021-09-30T09:43:18+00:00","dateModified":"2021-10-22T20:44:50+00:00","description":"NIVELES DE SERVICIO: Conforme a las buenas pr\u00e1cticas que demandan este tipo de oferta de servicios, los cumplimos en dos frentes: Cumplimiento Legal ,","breadcrumb":{"@id":"https:\/\/www.cenati.com.co\/acuerdos-niveles-servicio\/#breadcrumb"},"inLanguage":"en-US","potentialAction":[{"@type":"ReadAction","target":["https:\/\/www.cenati.com.co\/acuerdos-niveles-servicio\/"]}]},{"@type":"BreadcrumbList","@id":"https:\/\/www.cenati.com.co\/acuerdos-niveles-servicio\/#breadcrumb","itemListElement":[{"@type":"ListItem","position":1,"name":"Portada","item":"https:\/\/www.cenati.com.co\/"},{"@type":"ListItem","position":2,"name":"Acuerdos de niveles de servicio"}]},{"@type":"WebSite","@id":"https:\/\/www.cenati.com.co\/en\/#website","url":"https:\/\/www.cenati.com.co\/en\/","name":"CENATI","description":"Asesorias y consultorias TI","publisher":{"@id":"https:\/\/www.cenati.com.co\/en\/#organization"},"potentialAction":[{"@type":"SearchAction","target":{"@type":"EntryPoint","urlTemplate":"https:\/\/www.cenati.com.co\/en\/?s={search_term_string}"},"query-input":{"@type":"PropertyValueSpecification","valueRequired":true,"valueName":"search_term_string"}}],"inLanguage":"en-US"},{"@type":"Organization","@id":"https:\/\/www.cenati.com.co\/en\/#organization","name":"CENATI","url":"https:\/\/www.cenati.com.co\/en\/","logo":{"@type":"ImageObject","inLanguage":"en-US","@id":"https:\/\/www.cenati.com.co\/en\/#\/schema\/logo\/image\/","url":"https:\/\/www.cenati.com.co\/wp-content\/uploads\/2021\/10\/logo.png","contentUrl":"https:\/\/www.cenati.com.co\/wp-content\/uploads\/2021\/10\/logo.png","width":157,"height":135,"caption":"CENATI"},"image":{"@id":"https:\/\/www.cenati.com.co\/en\/#\/schema\/logo\/image\/"},"sameAs":["https:\/\/x.com\/Cenati_","https:\/\/www.instagram.com\/consultoria_y_asesoria_en_ti\/","https:\/\/www.linkedin.com\/company\/cenati?trk=public_post_share-update_actor-text"]}]}},"_links":{"self":[{"href":"https:\/\/www.cenati.com.co\/en\/wp-json\/wp\/v2\/pages\/3","targetHints":{"allow":["GET"]}}],"collection":[{"href":"https:\/\/www.cenati.com.co\/en\/wp-json\/wp\/v2\/pages"}],"about":[{"href":"https:\/\/www.cenati.com.co\/en\/wp-json\/wp\/v2\/types\/page"}],"author":[{"embeddable":true,"href":"https:\/\/www.cenati.com.co\/en\/wp-json\/wp\/v2\/users\/1"}],"replies":[{"embeddable":true,"href":"https:\/\/www.cenati.com.co\/en\/wp-json\/wp\/v2\/comments?post=3"}],"version-history":[{"count":0,"href":"https:\/\/www.cenati.com.co\/en\/wp-json\/wp\/v2\/pages\/3\/revisions"}],"wp:attachment":[{"href":"https:\/\/www.cenati.com.co\/en\/wp-json\/wp\/v2\/media?parent=3"}],"curies":[{"name":"wp","href":"https:\/\/api.w.org\/{rel}","templated":true}]}}